{"id":2,"date":"2023-08-09T12:46:37","date_gmt":"2023-08-09T12:46:37","guid":{"rendered":"https:\/\/aic.org.br\/aiclab\/?page_id=2"},"modified":"2025-02-14T12:00:09","modified_gmt":"2025-02-14T12:00:09","slug":"home","status":"publish","type":"page","link":"https:\/\/aic.org.br\/aiclab\/","title":{"rendered":"Home"},"content":{"rendered":"<section class=\"l-section wpb_row hero-image height_auto width_full\"><div class=\"l-section-h i-cf\"><div class=\"g-cols vc_row via_flex valign_top type_default stacking_default\"><div class=\"vc_col-sm-12 wpb_column vc_column_container\"><div class=\"vc_column-inner\"><div class=\"wpb_wrapper\"><div class=\"w-image us_custom_3fa2f513 us_animate_this hide_on_mobiles align_center\"><div url class=\"w-image-h\"><img loading=\"lazy\" decoding=\"async\" width=\"1920\" height=\"960\" src=\"https:\/\/aic.org.br\/aiclab\/wp-content\/uploads\/2023\/08\/slider.png\" class=\"attachment-full size-full\" alt=\"\" srcset=\"https:\/\/aic.org.br\/aiclab\/wp-content\/uploads\/2023\/08\/slider.png 1920w, https:\/\/aic.org.br\/aiclab\/wp-content\/uploads\/2023\/08\/slider-300x150.png 300w, https:\/\/aic.org.br\/aiclab\/wp-content\/uploads\/2023\/08\/slider-1024x512.png 1024w, https:\/\/aic.org.br\/aiclab\/wp-content\/uploads\/2023\/08\/slider-600x300.png 600w, https:\/\/aic.org.br\/aiclab\/wp-content\/uploads\/2023\/08\/slider-768x384.png 768w\" sizes=\"auto, (max-width: 1920px) 100vw, 1920px\" \/><\/div><\/div><div class=\"w-image us_custom_3fa2f513 us_animate_this hide_on_default hide_on_laptops hide_on_tablets align_center\"><div url class=\"w-image-h\"><img loading=\"lazy\" decoding=\"async\" width=\"1350\" height=\"960\" src=\"https:\/\/aic.org.br\/aiclab\/wp-content\/uploads\/2023\/08\/slider-mobile.png\" class=\"attachment-full size-full\" alt=\"\" srcset=\"https:\/\/aic.org.br\/aiclab\/wp-content\/uploads\/2023\/08\/slider-mobile.png 1350w, https:\/\/aic.org.br\/aiclab\/wp-content\/uploads\/2023\/08\/slider-mobile-300x213.png 300w, https:\/\/aic.org.br\/aiclab\/wp-content\/uploads\/2023\/08\/slider-mobile-1024x728.png 1024w, https:\/\/aic.org.br\/aiclab\/wp-content\/uploads\/2023\/08\/slider-mobile-600x427.png 600w, https:\/\/aic.org.br\/aiclab\/wp-content\/uploads\/2023\/08\/slider-mobile-768x546.png 768w\" sizes=\"auto, (max-width: 1350px) 100vw, 1350px\" \/><\/div><\/div><\/div><\/div><\/div><\/div><\/div><\/section><section class=\"l-section wpb_row us_custom_af0ee1fb section-quem-somos height_huge color_alternate with_img parallax_ver parallax_xpos_left with_shape\"><div class=\"l-section-img\" role=\"img\" data-img-width=\"600\" data-img-height=\"622\" style=\"background-image: url(https:\/\/aic.org.br\/aiclab\/wp-content\/uploads\/2023\/08\/shape-1.png);background-position: center left;background-repeat: no-repeat;background-size: auto;\"><\/div><div class=\"l-section-shape type_tilt pos_bottom\" style=\"height:6vmin;\"><svg xmlns=\"http:\/\/www.w3.org\/2000\/svg\" viewBox=\"0 0 64 8\" preserveAspectRatio=\"none\" width=\"100%\" height=\"100%\">\r\n\t<path fill=\"currentColor\" d=\"M64 7.9 L64 10 L0 10 L0 0 Z\"\/>\r\n<\/svg><\/div><div class=\"l-section-h i-cf\"><div class=\"g-cols vc_row via_flex valign_top type_default stacking_default\"><div class=\"vc_col-sm-12 wpb_column vc_column_container\"><div class=\"vc_column-inner\"><div class=\"wpb_wrapper\"><div class=\"g-cols wpb_row via_flex valign_middle type_default stacking_default\"><div class=\"vc_col-sm-6 wpb_column vc_column_container\"><div class=\"vc_column-inner\"><div class=\"wpb_wrapper\"><div class=\"wpb_text_column us_custom_69594187 rotate us_animate_this\"><div class=\"wpb_wrapper\"><h2>Quem<br \/>\nSomos?<\/h2>\n<\/div><\/div><\/div><\/div><\/div><div class=\"vc_col-sm-6 wpb_column vc_column_container\"><div class=\"vc_column-inner\"><div class=\"wpb_wrapper\"><div class=\"wpb_text_column us_custom_47474b22 dark-link us_animate_this\"><div class=\"wpb_wrapper\"><p>Somos um laborat\u00f3rio de cria\u00e7\u00f5es da <a href=\"https:\/\/aic.org.br\/\" target=\"_blank\" rel=\"noopener\"><strong>Ag\u00eancia de Iniciativas Cidad\u00e3s &#8211; AIC<\/strong><\/a> que se dedica ao fortalecimento da sociedade civil. Por aqui se encontram diversos grupos, causas e pessoas que est\u00e3o na linha de frente da constru\u00e7\u00e3o de outras realidades poss\u00edveis.<\/p>\n<p>E como fortalecemos? A partir do desenvolvimento de projetos voltados especificamente a organiza\u00e7\u00f5es da sociedade civil nas \u00e1reas de comunica\u00e7\u00e3o, design, desenvolvimento institucional e articula\u00e7\u00e3o de redes.<\/p>\n<p>Continue navegando pelo nosso site pra entender do que a gente t\u00e1 falando.<\/p>\n<\/div><\/div><div class=\"w-html us_custom_9e7473fa us_animate_this\"><button class=\"parallelogram\"><a href=\"https:\/\/aic.org.br\/aiclab\/quem-somos\/\">saiba mais<\/a><\/button><\/div><\/div><\/div><\/div><\/div><div class=\"w-separator size_small\"><\/div><\/div><\/div><\/div><\/div><\/div><\/section><section class=\"l-section wpb_row height_large\"><div class=\"l-section-h i-cf\"><div class=\"g-cols vc_row via_flex valign_top type_default stacking_default\"><div class=\"vc_col-sm-12 wpb_column vc_column_container\"><div class=\"vc_column-inner\"><div class=\"wpb_wrapper\"><div class=\"wpb_text_column us_custom_69594187 rotate us_animate_this\"><div class=\"wpb_wrapper\"><h2>Conhe\u00e7a os projetos<br \/>\nque est\u00e3o rolando agora<\/h2>\n<\/div><\/div><div class=\"w-separator size_small\"><\/div><div class=\"w-grid type_grid layout_274 portfolio-grid-1 cols_3 overflow_hidden with_css_animation\" id=\"us_grid_1\" style=\"--gap:30px;\" data-filterable=\"true\"><style>@media (max-width:1024px){#us_grid_1 .w-grid-item{width:50%}}@media (max-width:600px){#us_grid_1 .w-grid-list{margin:0}#us_grid_1 .w-grid-item{width:100%;padding:0;margin-bottom:var(--gap,0px)}}.layout_274 .w-grid-item-h{background:#ffffff;color:#4f5459;box-shadow:0 0rem 0rem rgba(0,0,0,0.1),0 0rem 0rem rgba(0,0,0,0.1);transition-duration:0.3s}.no-touch .layout_274 .w-grid-item-h:hover{box-shadow:0 0.24rem 0.48rem rgba(0,0,0,0.1),0 0.8rem 2.4rem rgba(0,0,0,0.15);z-index:4}.layout_274 .usg_vwrapper_1{padding:5% 10% 8% 10%!important}.layout_274 .usg_btn_1{margin-top:10px!important}.layout_274 .usg_post_title_1{font-size:30px!important;line-height:1.3!important;margin-bottom:5px!important}@media (max-width:600px){.layout_274 .usg_btn_1{font-size:18px!important}}<\/style><div class=\"w-grid-list\">\t<article class=\"w-grid-item us_animate_afb post-7633 us_portfolio type-us_portfolio status-publish has-post-thumbnail hentry us_portfolio_category-projetos-recentes\" data-id=\"7633\" style=\"animation-delay:0s\">\r\n\t\t<div class=\"w-grid-item-h\">\r\n\t\t\t\t\t\t<div class=\"w-post-elm post_image usg_post_image_1 has_ratio\"><div style=\"padding-bottom:100%\"><\/div><a href=\"https:\/\/aic.org.br\/aiclab\/projetos\/afrolab-fortalecimento-de-coletivos-culturais-negros\/\" aria-label=\"AfroLab &#8211; fortalecimento de coletivos culturais negros\"><img loading=\"lazy\" decoding=\"async\" width=\"400\" height=\"400\" src=\"https:\/\/aic.org.br\/aiclab\/wp-content\/uploads\/2025\/12\/capa-zap.png\" class=\"attachment-full size-full wp-post-image\" alt=\"\" srcset=\"https:\/\/aic.org.br\/aiclab\/wp-content\/uploads\/2025\/12\/capa-zap.png 400w, https:\/\/aic.org.br\/aiclab\/wp-content\/uploads\/2025\/12\/capa-zap-300x300.png 300w, https:\/\/aic.org.br\/aiclab\/wp-content\/uploads\/2025\/12\/capa-zap-150x150.png 150w\" sizes=\"auto, (max-width: 400px) 100vw, 400px\" \/><\/a><\/div><div class=\"w-vwrapper usg_vwrapper_1 align_left valign_top\"><h2 class=\"w-post-elm post_title usg_post_title_1 entry-title color_link_inherit\"><a href=\"https:\/\/aic.org.br\/aiclab\/projetos\/afrolab-fortalecimento-de-coletivos-culturais-negros\/\">AfroLab &#8211; fortalecimento de coletivos culturais negros<\/a><\/h2><div class=\"w-post-elm post_content usg_post_content_1\"><p>O Afro Lab \u00e9 um projeto de forma\u00e7\u00e3o, assessoria continuada\u00a0e fortalecimento institucional de coletivos culturais negros em Minas Gerais.<\/p>\n<\/div><a class=\"w-btn us-btn-style_2 porftolio-button usg_btn_1 portfolio-button\" href=\"https:\/\/aic.org.br\/aiclab\/projetos\/afrolab-fortalecimento-de-coletivos-culturais-negros\/\"><span class=\"w-btn-label\">saiba mais<\/span><\/a><\/div>\t\t<\/div>\r\n\t<\/article>\r\n\t<article class=\"w-grid-item us_animate_afb post-7465 us_portfolio type-us_portfolio status-publish has-post-thumbnail hentry us_portfolio_category-projetos-recentes\" data-id=\"7465\" style=\"animation-delay:0.1s\">\r\n\t\t<div class=\"w-grid-item-h\">\r\n\t\t\t\t\t\t<div class=\"w-post-elm post_image usg_post_image_1 has_ratio\"><div style=\"padding-bottom:100%\"><\/div><a href=\"https:\/\/aic.org.br\/aiclab\/projetos\/cultiva-laboratorio-de-projetos-culturais\/\" aria-label=\"Cultiva: Laborat\u00f3rio de Projetos Culturais\"><img loading=\"lazy\" decoding=\"async\" width=\"540\" height=\"540\" src=\"https:\/\/aic.org.br\/aiclab\/wp-content\/uploads\/2025\/06\/Laboratorio-de-Projetos-Culturais-2.png\" class=\"attachment-full size-full wp-post-image\" alt=\"Logo do Projeto cultiva: Laborat\u00f3rio de Projetos Culturais\" srcset=\"https:\/\/aic.org.br\/aiclab\/wp-content\/uploads\/2025\/06\/Laboratorio-de-Projetos-Culturais-2.png 540w, https:\/\/aic.org.br\/aiclab\/wp-content\/uploads\/2025\/06\/Laboratorio-de-Projetos-Culturais-2-300x300.png 300w, https:\/\/aic.org.br\/aiclab\/wp-content\/uploads\/2025\/06\/Laboratorio-de-Projetos-Culturais-2-150x150.png 150w\" sizes=\"auto, (max-width: 540px) 100vw, 540px\" \/><\/a><\/div><div class=\"w-vwrapper usg_vwrapper_1 align_left valign_top\"><h2 class=\"w-post-elm post_title usg_post_title_1 entry-title color_link_inherit\"><a href=\"https:\/\/aic.org.br\/aiclab\/projetos\/cultiva-laboratorio-de-projetos-culturais\/\">Cultiva: Laborat\u00f3rio de Projetos Culturais<\/a><\/h2><div class=\"w-post-elm post_content usg_post_content_1\"><p>Processo formativo direcionado a grupos, coletivos e gestores de organiza\u00e7\u00f5es culturais de Minas Gerais, para que atuem com maior autonomia na escrita, elabora\u00e7\u00e3o, submiss\u00e3o, prospec\u00e7\u00e3o e presta\u00e7\u00e3o de contas de projetos culturais, desenvolvidos a partir de suas atua\u00e7\u00f5es no territ\u00f3rio, fortalecendo assim sua sustentabilidade e a difus\u00e3o do patrim\u00f4nio cultural.<\/p>\n<\/div><a class=\"w-btn us-btn-style_2 porftolio-button usg_btn_1 portfolio-button\" href=\"https:\/\/aic.org.br\/aiclab\/projetos\/cultiva-laboratorio-de-projetos-culturais\/\"><span class=\"w-btn-label\">saiba mais<\/span><\/a><\/div>\t\t<\/div>\r\n\t<\/article>\r\n\t<article class=\"w-grid-item us_animate_afb post-117 us_portfolio type-us_portfolio status-publish has-post-thumbnail hentry us_portfolio_category-projetos-recentes\" data-id=\"117\" style=\"animation-delay:0.2s\">\r\n\t\t<div class=\"w-grid-item-h\">\r\n\t\t\t\t\t\t<div class=\"w-post-elm post_image usg_post_image_1 has_ratio\"><div style=\"padding-bottom:100%\"><\/div><a href=\"https:\/\/aic.org.br\/aiclab\/projetos\/periferia-viva-mulher\/\" aria-label=\"Periferia Viva Mulher\"><img loading=\"lazy\" decoding=\"async\" width=\"1080\" height=\"1081\" src=\"https:\/\/aic.org.br\/aiclab\/wp-content\/uploads\/2023\/08\/periferia-viva-mulher.jpg\" class=\"attachment-full size-full wp-post-image\" alt=\"\" srcset=\"https:\/\/aic.org.br\/aiclab\/wp-content\/uploads\/2023\/08\/periferia-viva-mulher.jpg 1080w, https:\/\/aic.org.br\/aiclab\/wp-content\/uploads\/2023\/08\/periferia-viva-mulher-300x300.jpg 300w, https:\/\/aic.org.br\/aiclab\/wp-content\/uploads\/2023\/08\/periferia-viva-mulher-1024x1024.jpg 1024w, https:\/\/aic.org.br\/aiclab\/wp-content\/uploads\/2023\/08\/periferia-viva-mulher-150x150.jpg 150w, https:\/\/aic.org.br\/aiclab\/wp-content\/uploads\/2023\/08\/periferia-viva-mulher-600x601.jpg 600w, https:\/\/aic.org.br\/aiclab\/wp-content\/uploads\/2023\/08\/periferia-viva-mulher-768x769.jpg 768w\" sizes=\"auto, (max-width: 1080px) 100vw, 1080px\" \/><\/a><\/div><div class=\"w-vwrapper usg_vwrapper_1 align_left valign_top\"><h2 class=\"w-post-elm post_title usg_post_title_1 entry-title color_link_inherit\"><a href=\"https:\/\/aic.org.br\/aiclab\/projetos\/periferia-viva-mulher\/\">Periferia Viva Mulher<\/a><\/h2><div class=\"w-post-elm post_content usg_post_content_1\"><p>Aqui a gente atua desenvolvendo a\u00e7\u00f5es de fortalecimento de iniciativas e microneg\u00f3cios liderados por mulheres em MG em diferentes frentes: forma\u00e7\u00e3o em empreendedorismo e comunica\u00e7\u00e3o, cria\u00e7\u00e3o de campanhas educativas sobre direito das mulheres, eventos de trocas e compartilhamentos, forma\u00e7\u00e3o em elabora\u00e7\u00e3o de projetos.<\/p>\n<\/div><a class=\"w-btn us-btn-style_2 porftolio-button usg_btn_1 portfolio-button\" href=\"https:\/\/aic.org.br\/aiclab\/projetos\/periferia-viva-mulher\/\"><span class=\"w-btn-label\">saiba mais<\/span><\/a><\/div>\t\t<\/div>\r\n\t<\/article>\r\n<\/div><div class=\"w-grid-preloader\"><div class=\"g-preloader type_1\">\r\n\t<div><\/div>\r\n<\/div>\r\n<\/div>\t<div class=\"w-grid-json hidden\" onclick='return {&quot;action&quot;:&quot;us_ajax_grid&quot;,&quot;ajax_url&quot;:&quot;https:\\\/\\\/aic.org.br\\\/aiclab\\\/wp-admin\\\/admin-ajax.php&quot;,&quot;infinite_scroll&quot;:0,&quot;max_num_pages&quot;:2,&quot;pagination&quot;:&quot;none&quot;,&quot;permalink_url&quot;:&quot;https:\\\/\\\/aic.org.br\\\/aiclab\\\/wp-json\\\/wp\\\/v2\\\/pages\\\/2&quot;,&quot;template_vars&quot;:{&quot;columns&quot;:&quot;3&quot;,&quot;exclude_items&quot;:&quot;none&quot;,&quot;img_size&quot;:&quot;default&quot;,&quot;ignore_items_size&quot;:0,&quot;items_layout&quot;:&quot;274&quot;,&quot;items_offset&quot;:&quot;1&quot;,&quot;load_animation&quot;:&quot;afb&quot;,&quot;overriding_link&quot;:&quot;%7B%22url%22%3A%22%22%7D&quot;,&quot;post_id&quot;:0,&quot;query_args&quot;:{&quot;post_type&quot;:[&quot;us_portfolio&quot;],&quot;tax_query&quot;:[{&quot;taxonomy&quot;:&quot;us_portfolio_category&quot;,&quot;field&quot;:&quot;slug&quot;,&quot;terms&quot;:[&quot;projetos-recentes&quot;]}],&quot;post_status&quot;:[&quot;publish&quot;,&quot;acf-disabled&quot;],&quot;posts_per_page&quot;:&quot;3&quot;},&quot;orderby_query_args&quot;:{&quot;orderby&quot;:{&quot;date&quot;:&quot;DESC&quot;}},&quot;type&quot;:&quot;grid&quot;,&quot;us_grid_ajax_index&quot;:1,&quot;us_grid_filter_params&quot;:null,&quot;us_grid_index&quot;:1,&quot;_us_grid_post_type&quot;:&quot;us_portfolio&quot;,&quot;page_args&quot;:[]}}'><\/div>\r\n\t<\/div><div class=\"w-separator hide_on_mobiles size_medium\"><\/div><div class=\"w-html us_custom_09ad162b us_animate_this\"><button class=\"parallelogram\"><a href=\"https:\/\/aic.org.br\/aiclab\/projetos\/\">ver todos os projetos<\/a><\/button><\/div><div class=\"w-separator size_huge\"><\/div><div class=\"wpb_text_column us_custom_3ff1148c rotate us_animate_this\"><div class=\"wpb_wrapper\"><h2>\u00daltimas do Instagram<\/h2>\n<\/div><\/div><div class=\"w-html us_custom_f70d789f us_animate_this\">https:\/\/www.instagram.com\/aic_lab<\/div><\/div><\/div><\/div><\/div><\/div><\/section><section class=\"l-section wpb_row us_custom_693f4b1f height_large width_full color_secondary with_shape\"><div class=\"l-section-shape type_tilt pos_bottom hor_flip\" style=\"height:5vmin;color:var(--color-subfooter-bg)\"><svg xmlns=\"http:\/\/www.w3.org\/2000\/svg\" viewBox=\"0 0 64 8\" preserveAspectRatio=\"none\" width=\"100%\" height=\"100%\">\r\n\t<path fill=\"currentColor\" d=\"M64 7.9 L64 10 L0 10 L0 0 Z\"\/>\r\n<\/svg><\/div><div class=\"l-section-h i-cf\"><div class=\"g-cols vc_row via_flex valign_middle type_default stacking_default\"><div class=\"vc_col-sm-2 wpb_column vc_column_container\"><div class=\"vc_column-inner\"><div class=\"wpb_wrapper\"><div class=\"w-image rotate-on-scroll hide_on_mobiles align_center\"><div url class=\"w-image-h\"><img loading=\"lazy\" decoding=\"async\" width=\"390\" height=\"390\" src=\"https:\/\/aic.org.br\/aiclab\/wp-content\/uploads\/2023\/08\/shape-2.png\" class=\"attachment-full size-full\" alt=\"\" srcset=\"https:\/\/aic.org.br\/aiclab\/wp-content\/uploads\/2023\/08\/shape-2.png 390w, https:\/\/aic.org.br\/aiclab\/wp-content\/uploads\/2023\/08\/shape-2-300x300.png 300w, https:\/\/aic.org.br\/aiclab\/wp-content\/uploads\/2023\/08\/shape-2-150x150.png 150w\" sizes=\"auto, (max-width: 390px) 100vw, 390px\" \/><\/div><\/div><\/div><\/div><\/div><div class=\"vc_col-sm-4 wpb_column vc_column_container\"><div class=\"vc_column-inner\"><div class=\"wpb_wrapper\"><div class=\"wpb_text_column us_custom_8f2ba1f4 rotate us_animate_this\"><div class=\"wpb_wrapper\"><h2>Conhe\u00e7a a nossa rede de grupos, coletivos e entidades.<\/h2>\n<\/div><\/div><div class=\"w-html us_custom_9e7473fa us_animate_this\"><button class=\"parallelogram\"><a href=\"https:\/\/aic.org.br\/aiclab\/nossa-rede\/\">encontre coletivos<\/a><\/button><\/div><\/div><\/div><\/div><div class=\"vc_col-sm-4 wpb_column vc_column_container\"><div class=\"vc_column-inner\"><div class=\"wpb_wrapper\"><div class=\"w-image move-with-mouse align_center\"><div url class=\"w-image-h\"><img loading=\"lazy\" decoding=\"async\" width=\"650\" height=\"585\" src=\"https:\/\/aic.org.br\/aiclab\/wp-content\/uploads\/2023\/08\/e-gente-nossa.png\" class=\"attachment-full size-full\" alt=\"\" srcset=\"https:\/\/aic.org.br\/aiclab\/wp-content\/uploads\/2023\/08\/e-gente-nossa.png 650w, https:\/\/aic.org.br\/aiclab\/wp-content\/uploads\/2023\/08\/e-gente-nossa-300x270.png 300w, https:\/\/aic.org.br\/aiclab\/wp-content\/uploads\/2023\/08\/e-gente-nossa-600x540.png 600w\" sizes=\"auto, (max-width: 650px) 100vw, 650px\" \/><\/div><\/div><\/div><\/div><\/div><div class=\"vc_col-sm-2 wpb_column vc_column_container\"><div class=\"vc_column-inner\"><div class=\"wpb_wrapper\"><div class=\"w-image rotate-on-scroll hide_on_default hide_on_laptops hide_on_tablets align_center\"><div url class=\"w-image-h\"><img loading=\"lazy\" decoding=\"async\" width=\"390\" height=\"390\" src=\"https:\/\/aic.org.br\/aiclab\/wp-content\/uploads\/2023\/08\/shape-2.png\" class=\"attachment-full size-full\" alt=\"\" srcset=\"https:\/\/aic.org.br\/aiclab\/wp-content\/uploads\/2023\/08\/shape-2.png 390w, https:\/\/aic.org.br\/aiclab\/wp-content\/uploads\/2023\/08\/shape-2-300x300.png 300w, https:\/\/aic.org.br\/aiclab\/wp-content\/uploads\/2023\/08\/shape-2-150x150.png 150w\" sizes=\"auto, (max-width: 390px) 100vw, 390px\" \/><\/div><\/div><\/div><\/div><\/div><\/div><\/div><\/section>\n","protected":false},"excerpt":{"rendered":"O Periferia Viva Mulher \u00e9 um projeto com a\u00e7\u00f5es de forma\u00e7\u00e3o, articula\u00e7\u00e3o e dissemina\u00e7\u00e3o de conhecimentos e boas pr\u00e1ticas cidad\u00e3s, envolvendo coletivos que atuam pelos direitos das mulheres em \u00e1reas de vulnerabilidade social e mulheres empreendedoras de Minas Gerais. Estamos na 2a edi\u00e7\u00e3o do projeto, somando 110 coletivos de mulheres e 30 microneg\u00f3cios liderados por...","protected":false},"author":1,"featured_media":0,"parent":0,"menu_order":0,"comment_status":"closed","ping_status":"closed","template":"","meta":{"_acf_changed":false,"footnotes":""},"class_list":["post-2","page","type-page","status-publish","hentry"],"acf":[],"_links":{"self":[{"href":"https:\/\/aic.org.br\/aiclab\/wp-json\/wp\/v2\/pages\/2","targetHints":{"allow":["GET"]}}],"collection":[{"href":"https:\/\/aic.org.br\/aiclab\/wp-json\/wp\/v2\/pages"}],"about":[{"href":"https:\/\/aic.org.br\/aiclab\/wp-json\/wp\/v2\/types\/page"}],"author":[{"embeddable":true,"href":"https:\/\/aic.org.br\/aiclab\/wp-json\/wp\/v2\/users\/1"}],"replies":[{"embeddable":true,"href":"https:\/\/aic.org.br\/aiclab\/wp-json\/wp\/v2\/comments?post=2"}],"version-history":[{"count":225,"href":"https:\/\/aic.org.br\/aiclab\/wp-json\/wp\/v2\/pages\/2\/revisions"}],"predecessor-version":[{"id":7426,"href":"https:\/\/aic.org.br\/aiclab\/wp-json\/wp\/v2\/pages\/2\/revisions\/7426"}],"wp:attachment":[{"href":"https:\/\/aic.org.br\/aiclab\/wp-json\/wp\/v2\/media?parent=2"}],"curies":[{"name":"wp","href":"https:\/\/api.w.org\/{rel}","templated":true}]}}