{"id":3,"date":"2023-08-09T12:46:37","date_gmt":"2023-08-09T12:46:37","guid":{"rendered":"https:\/\/aic.org.br\/aiclab\/?page_id=3"},"modified":"2024-08-12T18:55:08","modified_gmt":"2024-08-12T18:55:08","slug":"politica-de-privacidade","status":"publish","type":"page","link":"https:\/\/aic.org.br\/aiclab\/politica-de-privacidade\/","title":{"rendered":"Pol\u00edtica de Privacidade"},"content":{"rendered":"<section class=\"l-section wpb_row height_large\"><div class=\"l-section-h i-cf\"><div class=\"g-cols vc_row via_flex valign_top type_default stacking_default\"><div class=\"vc_col-sm-12 wpb_column vc_column_container\"><div class=\"vc_column-inner\"><div class=\"wpb_wrapper\"><div class=\"wpb_text_column\"><div class=\"wpb_wrapper\"><p>\u00daltima atualiza\u00e7\u00e3o:\u00a0<strong>Agosto\/2024.<\/strong><\/p>\n<p>A sua privacidade \u00e9 importante para n\u00f3s. \u00c9 pol\u00edtica da\u00a0<strong>AIC\u00a0<\/strong>respeitar a sua privacidade em rela\u00e7\u00e3o a qualquer informa\u00e7\u00e3o sua que possamos coletar em\u00a0<a href=\"https:\/\/aic.org.br\/\" target=\"_blank\" rel=\"noreferrer noopener\">nosso site<\/a>.<\/p>\n<p>Solicitamos informa\u00e7\u00f5es pessoais apenas quando realmente precisamos delas para lhe fornecer um servi\u00e7o. Fazemo-lo por meios justos e legais, com o seu conhecimento e consentimento. Tamb\u00e9m informamos por que estamos coletando e como ser\u00e1 usado.<\/p>\n<p>Apenas retemos as informa\u00e7\u00f5es coletadas pelo tempo necess\u00e1rio para fornecer o servi\u00e7o solicitado. Quando armazenamos dados, protegemos dentro de meios comercialmente aceit\u00e1veis \u200b\u200bpara evitar perdas e roubos, bem como acesso, divulga\u00e7\u00e3o, c\u00f3pia, uso ou modifica\u00e7\u00e3o n\u00e3o autorizados.<\/p>\n<p>N\u00e3o compartilhamos informa\u00e7\u00f5es de identifica\u00e7\u00e3o pessoal publicamente ou com terceiros, exceto quando exigido por lei.<\/p>\n<p>O nosso site pode ter links para sites externos que n\u00e3o s\u00e3o operados por n\u00f3s. Esteja ciente de que n\u00e3o temos controle sobre o conte\u00fado e pr\u00e1ticas desses sites e n\u00e3o podemos aceitar responsabilidade por suas respectivas pol\u00edticas de privacidade.<\/p>\n<p>Voc\u00ea \u00e9 livre para recusar a nossa solicita\u00e7\u00e3o de informa\u00e7\u00f5es pessoais, entendendo que talvez n\u00e3o possamos fornecer alguns dos servi\u00e7os desejados.<\/p>\n<p>O uso continuado de nosso site ser\u00e1 considerado como aceita\u00e7\u00e3o de nossas pr\u00e1ticas em torno de privacidade e informa\u00e7\u00f5es pessoais. Se voc\u00ea tiver alguma d\u00favida sobre como lidamos com dados do usu\u00e1rio e informa\u00e7\u00f5es pessoais, entre em contato conosco.<\/p>\n<p>Este site usa o Google Analytics para coletar informa\u00e7\u00f5es an\u00f4nimas, como o n\u00famero de visitantes do site e as p\u00e1ginas mais populares.<\/p>\n<p>Manter este cookie habilitado nos ajuda a melhorar nosso site.<\/p>\n<h2 class=\"wp-block-heading\">Pol\u00edtica de Cookies<\/h2>\n<h3 class=\"wp-block-heading\">O que s\u00e3o cookies?<\/h3>\n<p>Como \u00e9 pr\u00e1tica comum em quase todos os sites profissionais, este site usa cookies, que s\u00e3o pequenos arquivos baixados no seu computador, para melhorar sua experi\u00eancia. Esta p\u00e1gina descreve quais informa\u00e7\u00f5es eles coletam, como as usamos e por que \u00e0s vezes precisamos armazenar esses cookies. Tamb\u00e9m compartilharemos como voc\u00ea pode impedir que esses cookies sejam armazenados, no entanto, isso pode fazer o downgrade ou \u2018quebrar\u2019 certos elementos da funcionalidade do site.<\/p>\n<h3 class=\"wp-block-heading\">Como usamos os cookies?<\/h3>\n<p>Utilizamos cookies por v\u00e1rios motivos, detalhados abaixo. Infelizmente, na maioria dos casos, n\u00e3o existem op\u00e7\u00f5es padr\u00e3o do setor para desativar os cookies sem desativar completamente a funcionalidade e os recursos que eles adicionam a este site. \u00c9 recomend\u00e1vel que voc\u00ea deixe todos os cookies se n\u00e3o tiver certeza se precisa ou n\u00e3o deles, caso sejam usados \u200b\u200bpara fornecer um servi\u00e7o que voc\u00ea usa.<\/p>\n<h3 class=\"wp-block-heading\">Desativar cookies<\/h3>\n<p>Voc\u00ea pode impedir a configura\u00e7\u00e3o de cookies ajustando as configura\u00e7\u00f5es do seu navegador (consulte a Ajuda do navegador para saber como fazer isso). Esteja ciente de que a desativa\u00e7\u00e3o de cookies afetar\u00e1 a funcionalidade deste e de muitos outros sites que voc\u00ea visita. A desativa\u00e7\u00e3o de cookies geralmente resultar\u00e1 na desativa\u00e7\u00e3o de determinadas funcionalidades e recursos deste site. Portanto, \u00e9 recomend\u00e1vel que voc\u00ea n\u00e3o desative os cookies.<\/p>\n<h3 class=\"wp-block-heading\">Cookies que definimos<\/h3>\n<ul class=\"wp-block-list\">\n<li>Cookies relacionados a formul\u00e1rios: Quando voc\u00ea envia dados por meio de um formul\u00e1rio como os encontrados nas p\u00e1ginas de contato ou nos formul\u00e1rios de coment\u00e1rios, os cookies podem ser configurados para lembrar os detalhes do usu\u00e1rio para correspond\u00eancia futura.<\/li>\n<\/ul>\n<h3 class=\"wp-block-heading\">Cookies de Terceiros<\/h3>\n<p>Em alguns casos especiais, tamb\u00e9m usamos cookies fornecidos por terceiros confi\u00e1veis. A se\u00e7\u00e3o a seguir detalha quais cookies de terceiros voc\u00ea pode encontrar atrav\u00e9s deste site.<\/p>\n<ul class=\"wp-block-list\">\n<li>Este site usa o Google Analytics, que \u00e9 uma das solu\u00e7\u00f5es de an\u00e1lise mais difundidas e confi\u00e1veis \u200b\u200bda Web, para nos ajudar a entender como voc\u00ea usa o site e como podemos melhorar sua experi\u00eancia. Esses cookies podem rastrear itens como quanto tempo voc\u00ea gasta no site e as p\u00e1ginas visitadas, para que possamos continuar produzindo conte\u00fado atraente.<\/li>\n<\/ul>\n<p>Para mais informa\u00e7\u00f5es sobre cookies do Google Analytics, consulte a p\u00e1gina oficial do Google Analytics.<\/p>\n<ul class=\"wp-block-list\">\n<li>As an\u00e1lises de terceiros s\u00e3o usadas para rastrear e medir o uso deste site, para que possamos continuar produzindo conte\u00fado atrativo. Esses cookies podem rastrear itens como o tempo que voc\u00ea passa no site ou as p\u00e1ginas visitadas, o que nos ajuda a entender como podemos melhorar o site para voc\u00ea.<\/li>\n<li>Periodicamente, testamos novos recursos e fazemos altera\u00e7\u00f5es sutis na maneira como o site se apresenta. Quando ainda estamos testando novos recursos, esses cookies podem ser usados \u200b\u200bpara garantir que voc\u00ea receba uma experi\u00eancia consistente enquanto estiver no site, enquanto entendemos quais otimiza\u00e7\u00f5es os nossos usu\u00e1rios mais apreciam.<\/li>\n<\/ul>\n<h3 class=\"wp-block-heading\">Compromisso do Usu\u00e1rio<\/h3>\n<p>O usu\u00e1rio se compromete a fazer uso adequado dos conte\u00fados e da informa\u00e7\u00e3o que a AIC oferece no site e com car\u00e1ter enunciativo, mas n\u00e3o limitativo:<\/p>\n<ul class=\"wp-block-list\">\n<li>A) N\u00e3o se envolver em atividades que sejam ilegais ou contr\u00e1rias \u00e0 boa f\u00e9 a \u00e0 ordem p\u00fablica;<\/li>\n<li>B) N\u00e3o divulgar conte\u00fado ou propaganda de natureza racista, xenof\u00f3bica, casas de apostas online, pornografia ilegal, de apologia ao terrorismo ou contra os direitos humanos;<\/li>\n<li>C) N\u00e3o causar danos aos sistemas f\u00edsicos (hardwares) e l\u00f3gicos (softwares) da AIC, de seus fornecedores ou terceiros, para introduzir ou disseminar v\u00edrus inform\u00e1ticos ou quaisquer outros sistemas de hardware ou software que sejam capazes de causar danos anteriormente mencionados.<\/li>\n<\/ul>\n<h3 class=\"wp-block-heading\">M\u00eddia incorporada de outros sites<\/h3>\n<p>Artigos neste site podem incluir conte\u00fado incorporado como, por exemplo, v\u00eddeos, imagens, artigos, etc. Conte\u00fados incorporados de outros sites se comportam exatamente da mesma forma como se o visitante estivesse visitando o outro site.<\/p>\n<p>Estes sites podem coletar dados sobre voc\u00ea, usar cookies, incorporar rastreamento adicional de terceiros e monitorar sua intera\u00e7\u00e3o com este conte\u00fado incorporado, incluindo sua intera\u00e7\u00e3o com o conte\u00fado incorporado se voc\u00ea tem uma conta e est\u00e1 conectado com o site.<\/p>\n<h3 class=\"wp-block-heading\">Com quem partilhamos seus dados e por quanto tempo mantemos os seus dados<\/h3>\n<p>Se voc\u00ea deixar um coment\u00e1rio, o coment\u00e1rio e os seus metadados s\u00e3o conservados indefinidamente. Fazemos isso para que seja poss\u00edvel reconhecer e aprovar automaticamente qualquer coment\u00e1rio posterior ao inv\u00e9s de ret\u00ea-lo para modera\u00e7\u00e3o.<\/p>\n<p>Para usu\u00e1rios que se registram no nosso site (se houver), tamb\u00e9m guardamos as informa\u00e7\u00f5es pessoais que fornecem no seu perfil de usu\u00e1rio. Todos os usu\u00e1rios podem ver, editar ou excluir suas informa\u00e7\u00f5es pessoais a qualquer momento (s\u00f3 n\u00e3o \u00e9 poss\u00edvel alterar o seu username). Os administradores de sites tamb\u00e9m podem ver e editar estas informa\u00e7\u00f5es.<\/p>\n<h3 class=\"wp-block-heading\">Quais os seus direitos sobre seus dados<\/h3>\n<p>Se voc\u00ea tiver uma conta neste site ou se tiver deixado coment\u00e1rios, pode solicitar um arquivo exportado dos dados pessoais que mantemos sobre voc\u00ea, inclusive quaisquer dados que nos tenha fornecido. Tamb\u00e9m pode solicitar que removamos qualquer dado pessoal que mantemos sobre voc\u00ea. Isto n\u00e3o inclui nenhum dado que somos obrigados a manter para prop\u00f3sitos administrativos, legais ou de seguran\u00e7a.<\/p>\n<h3 class=\"wp-block-heading\">Para onde enviamos seus dados<\/h3>\n<p>Coment\u00e1rios de visitantes podem ser marcados por um servi\u00e7o autom\u00e1tico de detec\u00e7\u00e3o de spam.<\/p>\n<h3 class=\"wp-block-heading\">Mais informa\u00e7\u00f5es<\/h3>\n<p>Esperemos que esteja esclarecido e, como mencionado anteriormente, se houver algo que voc\u00ea n\u00e3o tem certeza se precisa ou n\u00e3o, geralmente \u00e9 mais seguro deixar os cookies ativados, caso interaja com um dos recursos que voc\u00ea usa em nosso site.<\/p>\n<p>Esta pol\u00edtica \u00e9 efetiva a partir de\u00a0<strong>Agosto<\/strong>\/<strong>2024<\/strong>.<\/p>\n<p>&nbsp;<\/p>\n<\/div><\/div><\/div><\/div><\/div><\/div><\/div><\/section>","protected":false},"excerpt":{"rendered":"\u00daltima atualiza\u00e7\u00e3o:\u00a0Agosto\/2024. A sua privacidade \u00e9 importante para n\u00f3s. \u00c9 pol\u00edtica da\u00a0AIC\u00a0respeitar a sua privacidade em rela\u00e7\u00e3o a qualquer informa\u00e7\u00e3o sua que possamos coletar em\u00a0nosso site. Solicitamos informa\u00e7\u00f5es pessoais apenas quando realmente precisamos delas para lhe fornecer um servi\u00e7o. Fazemo-lo por meios justos e legais, com o seu conhecimento e consentimento. Tamb\u00e9m informamos por que...","protected":false},"author":1,"featured_media":0,"parent":0,"menu_order":0,"comment_status":"closed","ping_status":"closed","template":"","meta":{"_acf_changed":false,"footnotes":""},"class_list":["post-3","page","type-page","status-publish","hentry"],"acf":[],"_links":{"self":[{"href":"https:\/\/aic.org.br\/aiclab\/wp-json\/wp\/v2\/pages\/3","targetHints":{"allow":["GET"]}}],"collection":[{"href":"https:\/\/aic.org.br\/aiclab\/wp-json\/wp\/v2\/pages"}],"about":[{"href":"https:\/\/aic.org.br\/aiclab\/wp-json\/wp\/v2\/types\/page"}],"author":[{"embeddable":true,"href":"https:\/\/aic.org.br\/aiclab\/wp-json\/wp\/v2\/users\/1"}],"replies":[{"embeddable":true,"href":"https:\/\/aic.org.br\/aiclab\/wp-json\/wp\/v2\/comments?post=3"}],"version-history":[{"count":2,"href":"https:\/\/aic.org.br\/aiclab\/wp-json\/wp\/v2\/pages\/3\/revisions"}],"predecessor-version":[{"id":7276,"href":"https:\/\/aic.org.br\/aiclab\/wp-json\/wp\/v2\/pages\/3\/revisions\/7276"}],"wp:attachment":[{"href":"https:\/\/aic.org.br\/aiclab\/wp-json\/wp\/v2\/media?parent=3"}],"curies":[{"name":"wp","href":"https:\/\/api.w.org\/{rel}","templated":true}]}}