{"id":348,"date":"2023-08-29T12:39:35","date_gmt":"2023-08-29T12:39:35","guid":{"rendered":"https:\/\/aic.org.br\/aiclab\/?page_id=348"},"modified":"2023-11-08T19:53:19","modified_gmt":"2023-11-08T19:53:19","slug":"quem-somos","status":"publish","type":"page","link":"https:\/\/aic.org.br\/aiclab\/quem-somos\/","title":{"rendered":"Quem Somos"},"content":{"rendered":"<section class=\"l-section wpb_row height_auto width_custom\" style=\"--site-content-width:900px;\"><div class=\"l-section-overlay\" style=\"background:var(--color-alt-content-bg-alt)\"><\/div><div class=\"l-section-h i-cf\"><div class=\"g-cols vc_row via_flex valign_top type_default stacking_default\"><div class=\"vc_col-sm-12 wpb_column vc_column_container\"><div class=\"vc_column-inner\"><div class=\"wpb_wrapper\"><div class=\"w-separator size_large\"><\/div><div class=\"wpb_text_column us_custom_60e9caca us_animate_this\"><div class=\"wpb_wrapper\"><h3>Amplificando vozes, inspirando mudan\u00e7as<\/h3>\n<p>AIC Lab \u00e9 um laborat\u00f3rio da <a href=\"https:\/\/aic.org.br\/\" target=\"_blank\" rel=\"noopener\">AIC \u2013 Ag\u00eancia de Iniciativas Cidad\u00e3s<\/a> voltado \u00e0 realiza\u00e7\u00e3o de experimenta\u00e7\u00f5es metodol\u00f3gicas e cria\u00e7\u00f5es que visam o fortalecimento da sociedade civil.<\/p>\n<p>Por aqui, desenvolvemos projetos especificamente voltados ao apoio gratuito a organiza\u00e7\u00f5es da sociedade civil nas \u00e1reas de comunica\u00e7\u00e3o, design, desenvolvimento institucional (apoio na escrita de projetos e formaliza\u00e7\u00e3o de entidades) e articula\u00e7\u00e3o de redes.<\/p>\n<p>Fazemos isso sempre juntos, prezando pelo fazer colaborativo e pela democratiza\u00e7\u00e3o da comunica\u00e7\u00e3o para fazer valer o direito de todos os grupos, coletivos e entidades de mostrar a import\u00e2ncia de suas causas sociais por a\u00ed!<\/p>\n<\/div><\/div><div class=\"w-separator size_large\"><\/div><\/div><\/div><\/div><\/div><\/div><\/section><section class=\"l-section wpb_row height_large\"><div class=\"l-section-h i-cf\"><div class=\"g-cols vc_row via_flex valign_top type_default stacking_default\"><div class=\"vc_col-sm-12 wpb_column vc_column_container\"><div class=\"vc_column-inner\"><div class=\"wpb_wrapper\"><div class=\"wpb_text_column us_custom_3ff1148c rotate us_animate_this\"><div class=\"wpb_wrapper\"><h2>Caminhos percorridos<\/h2>\n<\/div><\/div><div class=\"w-separator size_medium\"><\/div><div class=\"w-tabs us_custom_60e9caca us_animate_this layout_hor style_timeline switch_click has_scrolling\" style=\"--sections-title-size:1.2em\"><div class=\"w-tabs-list items_4 align_justify\" style=\"font-weight:900;\"><div class=\"w-tabs-list-h\"><button class=\"w-tabs-item active\" aria-controls=\"content-jabe\" aria-expanded=\"false\"><span class=\"w-tabs-item-title\">2006<\/span><\/button><button class=\"w-tabs-item\" aria-controls=\"content-d707\" aria-expanded=\"false\"><span class=\"w-tabs-item-title\">2010<\/span><\/button><button class=\"w-tabs-item\" aria-controls=\"content-p5d9\" aria-expanded=\"false\"><span class=\"w-tabs-item-title\">2020<\/span><\/button><button class=\"w-tabs-item\" aria-controls=\"content-w241\" aria-expanded=\"false\"><span class=\"w-tabs-item-title\">2022<\/span><\/button><\/div><\/div><div class=\"w-tabs-sections titles-align_none icon_chevron cpos_right\"><div class=\"w-tabs-section active\" id=\"jabe\"><button class=\"w-tabs-section-header active\" aria-controls=\"content-jabe\" aria-expanded=\"true\"><div class=\"w-tabs-section-title\">2006<\/div><div class=\"w-tabs-section-control\"><\/div><\/button><div  class=\"w-tabs-section-content\" id=\"content-jabe\"><div class=\"w-tabs-section-content-h i-cf\"><div class=\"g-cols wpb_row via_flex valign_top type_default stacking_default\"><div class=\"vc_col-sm-7 wpb_column vc_column_container\"><div class=\"vc_column-inner\"><div class=\"wpb_wrapper\"><div class=\"w-slider style_none fit_contain\"><div class=\"w-slider-h\"><div class=\"royalSlider\"><div class=\"rsContent\"><a class=\"rsImg\" data-rsw=\"600\" data-rsh=\"400\" href=\"https:\/\/aic.org.br\/aiclab\/wp-content\/uploads\/2023\/08\/2006-2.jpg\"><span data-alt=\"\"><\/span><\/a><\/div><div class=\"rsContent\"><a class=\"rsImg\" data-rsw=\"600\" data-rsh=\"400\" href=\"https:\/\/aic.org.br\/aiclab\/wp-content\/uploads\/2023\/08\/2006.jpg\"><span data-alt=\"\"><\/span><\/a><\/div><div class=\"rsContent\"><a class=\"rsImg\" data-rsw=\"600\" data-rsh=\"400\" href=\"https:\/\/aic.org.br\/aiclab\/wp-content\/uploads\/2023\/08\/2006-3.jpg\"><span data-alt=\"\"><\/span><\/a><\/div><div class=\"rsContent\"><a class=\"rsImg\" data-rsw=\"600\" data-rsh=\"400\" href=\"https:\/\/aic.org.br\/aiclab\/wp-content\/uploads\/2023\/08\/2006-4.jpg\"><span data-alt=\"\"><\/span><\/a><\/div><\/div><img decoding=\"async\" src=\"https:\/\/aic.org.br\/aiclab\/wp-content\/uploads\/2023\/08\/2006-2.jpg\" width=\"600\" height=\"400\" alt loading=\"lazy\"><\/div><div class=\"w-slider-json\" onclick='return {&quot;autoScaleSlider&quot;:true,&quot;loop&quot;:true,&quot;fadeInLoadedSlide&quot;:false,&quot;slidesSpacing&quot;:0,&quot;imageScalePadding&quot;:0,&quot;numImagesToPreload&quot;:2,&quot;arrowsNav&quot;:true,&quot;arrowsNavAutoHide&quot;:false,&quot;transitionType&quot;:&quot;move&quot;,&quot;transitionSpeed&quot;:250,&quot;block&quot;:{&quot;moveEffect&quot;:&quot;none&quot;,&quot;speed&quot;:300},&quot;thumbs&quot;:{&quot;fitInViewport&quot;:false},&quot;controlNavigation&quot;:&quot;none&quot;,&quot;imageScaleMode&quot;:&quot;fit&quot;,&quot;autoScaleSliderWidth&quot;:600,&quot;autoScaleSliderHeight&quot;:400}'><\/div><\/div><\/div><\/div><\/div><div class=\"vc_col-sm-5 wpb_column vc_column_container\"><div class=\"vc_column-inner\"><div class=\"wpb_wrapper\"><div class=\"wpb_text_column\"><div class=\"wpb_wrapper\"><h3>Uma Ag\u00eancia de Comunica\u00e7\u00e3o Solid\u00e1ria<\/h3>\n<p>Desde 2006, a partir da solicita\u00e7\u00e3o parceiros que j\u00e1 conheciam o trabalho da AIC em comunica\u00e7\u00e3o comunit\u00e1ria, a AIC realiza atendimentos gratuitos em comunica\u00e7\u00e3o e design a diversas organiza\u00e7\u00f5es da sociedade civil.<\/p>\n<p>Esse espa\u00e7o voltado \u00e0s demandas dos grupos se chamava ACS &#8211; Ag\u00eancia de Comunica\u00e7\u00e3o Solid\u00e1ria. Esse trabalho foi crescendo, se especializando e junto com os grupos elaboramos maneiras de construir de forma colaborativa, uma comunica\u00e7\u00e3o para mobiliza\u00e7\u00e3o social que de fato os representasse.<\/p>\n<p>Nessa \u00e9poca j\u00e1 realiz\u00e1vamos atendimentos de constru\u00e7\u00e3o de identidades visuais, diagn\u00f3sticos e planejamentos em comunica\u00e7\u00e3o e desenho de campanhas voltados a diversas causas sociais. Diversos tamb\u00e9m foram os caminhos por onde andamos! Apesar da nossa casa ficar em Belo Horizonte, nos somamos a grupos do Brasil todo para pensar e fazer outras comunica\u00e7\u00f5es poss\u00edveis.<\/p>\n<\/div><\/div><\/div><\/div><\/div><\/div><\/div><\/div><\/div><div class=\"w-tabs-section\" id=\"d707\"><button class=\"w-tabs-section-header\" aria-controls=\"content-d707\" aria-expanded=\"false\"><div class=\"w-tabs-section-title\">2010<\/div><div class=\"w-tabs-section-control\"><\/div><\/button><div  class=\"w-tabs-section-content\" id=\"content-d707\"><div class=\"w-tabs-section-content-h i-cf\"><div class=\"g-cols wpb_row via_flex valign_top type_default stacking_default\"><div class=\"vc_col-sm-7 wpb_column vc_column_container\"><div class=\"vc_column-inner\"><div class=\"wpb_wrapper\"><div class=\"w-slider style_none fit_contain\"><div class=\"w-slider-h\"><div class=\"royalSlider\"><div class=\"rsContent\"><a class=\"rsImg\" data-rsw=\"600\" data-rsh=\"338\" href=\"https:\/\/aic.org.br\/aiclab\/wp-content\/uploads\/2023\/08\/lab-ufmg-1.jpg\"><span data-alt=\"\"><\/span><\/a><\/div><div class=\"rsContent\"><a class=\"rsImg\" data-rsw=\"429\" data-rsh=\"472\" href=\"https:\/\/aic.org.br\/aiclab\/wp-content\/uploads\/2023\/08\/lab-ufmg-2.jpg\"><span data-alt=\"\"><\/span><\/a><\/div><\/div><img decoding=\"async\" src=\"https:\/\/aic.org.br\/aiclab\/wp-content\/uploads\/2023\/08\/lab-ufmg-1.jpg\" width=\"600\" height=\"338\" alt loading=\"lazy\"><\/div><div class=\"w-slider-json\" onclick='return {&quot;autoScaleSlider&quot;:true,&quot;loop&quot;:true,&quot;fadeInLoadedSlide&quot;:false,&quot;slidesSpacing&quot;:0,&quot;imageScalePadding&quot;:0,&quot;numImagesToPreload&quot;:2,&quot;arrowsNav&quot;:true,&quot;arrowsNavAutoHide&quot;:false,&quot;transitionType&quot;:&quot;move&quot;,&quot;transitionSpeed&quot;:250,&quot;block&quot;:{&quot;moveEffect&quot;:&quot;none&quot;,&quot;speed&quot;:300},&quot;thumbs&quot;:{&quot;fitInViewport&quot;:false},&quot;controlNavigation&quot;:&quot;none&quot;,&quot;imageScaleMode&quot;:&quot;fit&quot;,&quot;autoScaleSliderWidth&quot;:600,&quot;autoScaleSliderHeight&quot;:338}'><\/div><\/div><\/div><\/div><\/div><div class=\"vc_col-sm-5 wpb_column vc_column_container\"><div class=\"vc_column-inner\"><div class=\"wpb_wrapper\"><div class=\"wpb_text_column\"><div class=\"wpb_wrapper\"><h3>ACS entra na UFMG!<\/h3>\n<p>Em 2010 passamos a oferecer, junto com o Departamento de Comunica\u00e7\u00e3o Social da Universidade Federal de Minas Gerais (UFMG), a disciplina laboratorial de Planejamento de Comunica\u00e7\u00e3o, parte da grade curricular do curso at\u00e9 hoje. Nela, os alunos t\u00eam uma experi\u00eancia pr\u00e1tica de planejamento de comunica\u00e7\u00e3o voltado a processos de mobiliza\u00e7\u00e3o social. Junto da equipe da UFMG e dos grupos atendidos durante o Laborat\u00f3rio, fomos aprimorando nossas metodologias, um exerc\u00edcio constante em nossa pr\u00e1tica.<\/p>\n<\/div><\/div><\/div><\/div><\/div><\/div><\/div><\/div><\/div><div class=\"w-tabs-section\" id=\"p5d9\"><button class=\"w-tabs-section-header\" aria-controls=\"content-p5d9\" aria-expanded=\"false\"><div class=\"w-tabs-section-title\">2020<\/div><div class=\"w-tabs-section-control\"><\/div><\/button><div  class=\"w-tabs-section-content\" id=\"content-p5d9\"><div class=\"w-tabs-section-content-h i-cf\"><div class=\"g-cols wpb_row via_flex valign_top type_default stacking_default\"><div class=\"vc_col-sm-7 wpb_column vc_column_container\"><div class=\"vc_column-inner\"><div class=\"wpb_wrapper\"><div class=\"w-image align_center\"><div url class=\"w-image-h\"><img loading=\"lazy\" decoding=\"async\" width=\"770\" height=\"686\" src=\"https:\/\/aic.org.br\/aiclab\/wp-content\/uploads\/2023\/10\/periferia-viva.jpg\" class=\"attachment-full size-full\" alt=\"\" srcset=\"https:\/\/aic.org.br\/aiclab\/wp-content\/uploads\/2023\/10\/periferia-viva.jpg 770w, https:\/\/aic.org.br\/aiclab\/wp-content\/uploads\/2023\/10\/periferia-viva-300x267.jpg 300w, https:\/\/aic.org.br\/aiclab\/wp-content\/uploads\/2023\/10\/periferia-viva-600x535.jpg 600w, https:\/\/aic.org.br\/aiclab\/wp-content\/uploads\/2023\/10\/periferia-viva-768x684.jpg 768w\" sizes=\"auto, (max-width: 770px) 100vw, 770px\" \/><\/div><\/div><\/div><\/div><\/div><div class=\"vc_col-sm-5 wpb_column vc_column_container\"><div class=\"vc_column-inner\"><div class=\"wpb_wrapper\"><div class=\"wpb_text_column\"><div class=\"wpb_wrapper\"><h3>Uma rede que mudou tudo<\/h3>\n<p>Em 2020, com a pandemia da Covid-19, a partir do acionamento de grupos parceiros, nos tornamos uma esp\u00e9cie de escrit\u00f3rio de articula\u00e7\u00e3o que ligava iniciativas das periferias a parceiros e projetos que pudessem atender suas demandas. Essa for\u00e7a-tarefa ficou conhecida como Periferia Viva.<\/p>\n<p>Nela, realiz\u00e1vamos uma escuta peri\u00f3dica de mais de 150 entidades, fazendo o encaminhamento de viola\u00e7\u00f5es de direitos ao Minist\u00e9rio P\u00fablico e pedidos de atendimentos psicossociais a servi\u00e7os especializados. Demandas de inseguran\u00e7a alimentar eram atendidas pela A\u00e7\u00e3o Comunidade Viva Sem Fome. Volunt\u00e1rios alunos do Departamento de Comunica\u00e7\u00e3o da UFMG se juntaram a n\u00f3s na cria\u00e7\u00e3o de campanhas especiais de arrecada\u00e7\u00e3o de recursos e escrita de projetos para submiss\u00e3o a editais. Essa experi\u00eancia nos marcou pra vida!<\/p>\n<\/div><\/div><\/div><\/div><\/div><\/div><\/div><\/div><\/div><div class=\"w-tabs-section\" id=\"w241\"><button class=\"w-tabs-section-header\" aria-controls=\"content-w241\" aria-expanded=\"false\"><div class=\"w-tabs-section-title\">2022<\/div><div class=\"w-tabs-section-control\"><\/div><\/button><div  class=\"w-tabs-section-content\" id=\"content-w241\"><div class=\"w-tabs-section-content-h i-cf\"><div class=\"g-cols wpb_row via_flex valign_top type_default stacking_default\"><div class=\"vc_col-sm-7 wpb_column vc_column_container\"><div class=\"vc_column-inner\"><div class=\"wpb_wrapper\"><div class=\"w-slider style_none fit_contain\"><div class=\"w-slider-h\"><div class=\"royalSlider\"><div class=\"rsContent\"><a class=\"rsImg\" data-rsw=\"600\" data-rsh=\"400\" href=\"https:\/\/aic.org.br\/aiclab\/wp-content\/uploads\/2023\/08\/2022-2.jpg\"><span data-alt=\"\"><\/span><\/a><\/div><div class=\"rsContent\"><a class=\"rsImg\" data-rsw=\"600\" data-rsh=\"400\" href=\"https:\/\/aic.org.br\/aiclab\/wp-content\/uploads\/2023\/08\/2022-1.jpg\"><span data-alt=\"\"><\/span><\/a><\/div><\/div><img decoding=\"async\" src=\"https:\/\/aic.org.br\/aiclab\/wp-content\/uploads\/2023\/08\/2022-2.jpg\" width=\"600\" height=\"400\" alt loading=\"lazy\"><\/div><div class=\"w-slider-json\" onclick='return {&quot;autoScaleSlider&quot;:true,&quot;loop&quot;:true,&quot;fadeInLoadedSlide&quot;:false,&quot;slidesSpacing&quot;:0,&quot;imageScalePadding&quot;:0,&quot;numImagesToPreload&quot;:2,&quot;arrowsNav&quot;:true,&quot;arrowsNavAutoHide&quot;:false,&quot;transitionType&quot;:&quot;move&quot;,&quot;transitionSpeed&quot;:250,&quot;block&quot;:{&quot;moveEffect&quot;:&quot;none&quot;,&quot;speed&quot;:300},&quot;thumbs&quot;:{&quot;fitInViewport&quot;:false},&quot;controlNavigation&quot;:&quot;none&quot;,&quot;imageScaleMode&quot;:&quot;fit&quot;,&quot;autoScaleSliderWidth&quot;:600,&quot;autoScaleSliderHeight&quot;:400}'><\/div><\/div><\/div><\/div><\/div><div class=\"vc_col-sm-5 wpb_column vc_column_container\"><div class=\"vc_column-inner\"><div class=\"wpb_wrapper\"><div class=\"wpb_text_column\"><div class=\"wpb_wrapper\"><h3>Nasce o AIC Lab!<\/h3>\n<p>Em 2022, trazendo na mochila o que estamos aprendendo desde as primeiras constru\u00e7\u00f5es colaborativas at\u00e9 o Periferia Viva, entendemos que o que fazemos hoje \u00e9 muito mais do se faz em uma ag\u00eancia de comunica\u00e7\u00e3o e era preciso ter um nome que transmitisse melhor a nossa identidade.<\/p>\n<p>Somos, por ess\u00eancia, um lugar de experimentar e criar <a href=\"https:\/\/aic.org.br\/aiclab\/como-fazemos\/\">tecnologias sociais<\/a> para e com organiza\u00e7\u00f5es da sociedade civil. Fazemos isso atrav\u00e9s de <a href=\"https:\/\/aic.org.br\/aiclab\/projetos\/\">projetos<\/a> que promovem atendimentos e forma\u00e7\u00f5es em Comunica\u00e7\u00e3o, Design, Desenvolvimento Institucional e articulando redes.<\/p>\n<p>Somos aquele amigo para quem voc\u00ea liga para perguntar \u201cvoc\u00ea conhece algum projeto que\u2026\u201d, e, antes de terminar a frase, o n\u00famero j\u00e1 est\u00e1 na m\u00e3o.<\/p>\n<\/div><\/div><\/div><\/div><\/div><\/div><\/div><\/div><\/div><\/div><\/div><\/div><\/div><\/div><\/div><\/div><\/section>\n","protected":false},"excerpt":{"rendered":"Amplificando vozes, inspirando mudan\u00e7as AIC Lab \u00e9 um laborat\u00f3rio da AIC \u2013 Ag\u00eancia de Iniciativas Cidad\u00e3s voltado \u00e0 realiza\u00e7\u00e3o de experimenta\u00e7\u00f5es metodol\u00f3gicas e cria\u00e7\u00f5es que visam o fortalecimento da sociedade civil. Por aqui, desenvolvemos projetos especificamente voltados ao apoio gratuito a organiza\u00e7\u00f5es da sociedade civil nas \u00e1reas de comunica\u00e7\u00e3o, design, desenvolvimento institucional (apoio na escrita...","protected":false},"author":3,"featured_media":0,"parent":0,"menu_order":0,"comment_status":"closed","ping_status":"closed","template":"","meta":{"_acf_changed":false,"footnotes":""},"class_list":["post-348","page","type-page","status-publish","hentry"],"acf":[],"_links":{"self":[{"href":"https:\/\/aic.org.br\/aiclab\/wp-json\/wp\/v2\/pages\/348","targetHints":{"allow":["GET"]}}],"collection":[{"href":"https:\/\/aic.org.br\/aiclab\/wp-json\/wp\/v2\/pages"}],"about":[{"href":"https:\/\/aic.org.br\/aiclab\/wp-json\/wp\/v2\/types\/page"}],"author":[{"embeddable":true,"href":"https:\/\/aic.org.br\/aiclab\/wp-json\/wp\/v2\/users\/3"}],"replies":[{"embeddable":true,"href":"https:\/\/aic.org.br\/aiclab\/wp-json\/wp\/v2\/comments?post=348"}],"version-history":[{"count":52,"href":"https:\/\/aic.org.br\/aiclab\/wp-json\/wp\/v2\/pages\/348\/revisions"}],"predecessor-version":[{"id":1847,"href":"https:\/\/aic.org.br\/aiclab\/wp-json\/wp\/v2\/pages\/348\/revisions\/1847"}],"wp:attachment":[{"href":"https:\/\/aic.org.br\/aiclab\/wp-json\/wp\/v2\/media?parent=348"}],"curies":[{"name":"wp","href":"https:\/\/api.w.org\/{rel}","templated":true}]}}