{"id":495,"date":"2023-09-05T19:49:13","date_gmt":"2023-09-05T19:49:13","guid":{"rendered":"https:\/\/aic.org.br\/aiclab\/?page_id=495"},"modified":"2024-06-20T20:59:59","modified_gmt":"2024-06-20T20:59:59","slug":"como-fazemos","status":"publish","type":"page","link":"https:\/\/aic.org.br\/aiclab\/como-fazemos\/","title":{"rendered":"Como Fazemos"},"content":{"rendered":"<section class=\"l-section wpb_row height_small\"><div class=\"l-section-overlay\" style=\"background:var(--color-alt-content-bg-alt)\"><\/div><div class=\"l-section-h i-cf\"><div class=\"g-cols vc_row via_flex valign_top type_default stacking_default\"><div class=\"vc_col-sm-12 wpb_column vc_column_container\"><div class=\"vc_column-inner\"><div class=\"wpb_wrapper\"><div class=\"wpb_text_column us_custom_7151b638 custom-strong centralize us_animate_this\"><div class=\"wpb_wrapper\"><h3>A partir dos conhecimentos e viv\u00eancias de cada um, constru\u00edmos juntos solu\u00e7\u00f5es que impactam todo mundo.<\/h3>\n<\/div><\/div><div class=\"w-separator size_small\"><\/div><div class=\"g-cols wpb_row via_flex valign_middle type_default stacking_default\"><div class=\"vc_col-sm-6 wpb_column vc_column_container\"><div class=\"vc_column-inner\"><div class=\"wpb_wrapper\"><div class=\"wpb_text_column us_custom_f70d789f us_animate_this\"><div class=\"wpb_wrapper\"><p>Os nossos fazeres por aqui se baseiam nas experi\u00eancias acumuladas em anos de relacionamento com grupos e entidades da sociedade civil e na produ\u00e7\u00e3o coletiva que assumimos com eles.<\/p>\n<p>Em todos os nossos projetos e a\u00e7\u00f5es prezamos pela valoriza\u00e7\u00e3o dos conhecimentos que esses grupos trazem e pelo jeito particular com que fazem comunica\u00e7\u00e3o, entendem o territ\u00f3rio, identificam e prop\u00f5em a\u00e7\u00f5es de incid\u00eancia na comunidade.<\/p>\n<\/div><\/div><\/div><\/div><\/div><div class=\"vc_col-sm-6 wpb_column vc_column_container\"><div class=\"vc_column-inner\"><div class=\"wpb_wrapper\"><div class=\"w-image us_custom_1fb8b2dc us_animate_this align_center\"><div url class=\"w-image-h\"><img loading=\"lazy\" decoding=\"async\" width=\"652\" height=\"458\" src=\"https:\/\/aic.org.br\/aiclab\/wp-content\/uploads\/2023\/09\/como-fazemos.png\" class=\"attachment-full size-full\" alt=\"\" srcset=\"https:\/\/aic.org.br\/aiclab\/wp-content\/uploads\/2023\/09\/como-fazemos.png 652w, https:\/\/aic.org.br\/aiclab\/wp-content\/uploads\/2023\/09\/como-fazemos-300x211.png 300w, https:\/\/aic.org.br\/aiclab\/wp-content\/uploads\/2023\/09\/como-fazemos-600x421.png 600w\" sizes=\"auto, (max-width: 652px) 100vw, 652px\" \/><\/div><\/div><\/div><\/div><\/div><\/div><div class=\"w-separator size_large\"><\/div><\/div><\/div><\/div><\/div><\/div><\/section><section class=\"l-section wpb_row height_large\"><div class=\"l-section-h i-cf\"><div class=\"g-cols vc_row via_flex valign_top type_default stacking_default\"><div class=\"vc_col-sm-12 wpb_column vc_column_container\"><div class=\"vc_column-inner\"><div class=\"wpb_wrapper\"><div class=\"wpb_text_column us_custom_bdd9d6c1 custom-strong centralize us_animate_this\"><div class=\"wpb_wrapper\"><h3>Ao longo dos anos, desenvolvemos <strong>tecnologias sociais<\/strong> que traduzem e sistematizam bem nosso jeito de atuar pelo fortalecimento das organiza\u00e7\u00f5es da sociedade civil. S\u00e3o elas:<\/h3>\n<\/div><\/div><div class=\"w-separator size_small\"><\/div><div class=\"g-cols wpb_row via_flex valign_top type_default stacking_default\" style=\"--additional-gap:15px;\"><div class=\"vc_col-sm-4 wpb_column vc_column_container\"><div class=\"vc_column-inner us_custom_eb359411 us_animate_this\"><div class=\"vc_column-overlay\" style=\"background:#ffffff\"><\/div><div class=\"wpb_wrapper\"><div class=\"w-iconbox iconpos_top style_default color_primary align_left icontype_img\"><div class=\"w-iconbox-icon\" style=\"font-size:80px;\"><img loading=\"lazy\" decoding=\"async\" width=\"128\" height=\"134\" src=\"https:\/\/aic.org.br\/aiclab\/wp-content\/uploads\/2023\/09\/icon-agencia.png\" class=\"attachment-full size-full\" alt=\"\" \/><\/div><div class=\"w-iconbox-meta\"><h4 class=\"w-iconbox-title\">Ag\u00eancia de Comunica\u00e7\u00e3o Solid\u00e1ria<\/h4><div class=\"w-iconbox-text\"><p>Era nosso nome inicial, mas depois percebemos que na verdade ela \u00e9 um jeito de fazer. Com bases na democratiza\u00e7\u00e3o da comunica\u00e7\u00e3o e pensando a comunica\u00e7\u00e3o como um direito universal, realizamos atendimentos que reverberam e d\u00e3o publicidade a causas sociais defendidas pelo trabalho de grupos de base comunit\u00e1ria por meio de uma a\u00e7\u00e3o qualificada de comunica\u00e7\u00e3o e mobiliza\u00e7\u00e3o social. Esse trabalho surgiu da impossibilidade de grupos arcarem com os custos de servi\u00e7os prestados por uma ag\u00eancia de publicidade tradicional, por exemplo, e garante atendimento gratuito para que o trabalho potente de muita gente ganhe o mundo!<\/p>\n<\/div><\/div><\/div><\/div><\/div><\/div><div class=\"vc_col-sm-4 wpb_column vc_column_container\"><div class=\"vc_column-inner us_custom_eb359411 us_animate_this\"><div class=\"vc_column-overlay\" style=\"background:#ffffff\"><\/div><div class=\"wpb_wrapper\"><div class=\"w-iconbox iconpos_top style_default color_primary align_left icontype_img\"><div class=\"w-iconbox-icon\" style=\"font-size:80px;\"><img loading=\"lazy\" decoding=\"async\" width=\"128\" height=\"134\" src=\"https:\/\/aic.org.br\/aiclab\/wp-content\/uploads\/2023\/09\/icon-audioetal.png\" class=\"attachment-full size-full\" alt=\"\" \/><\/div><div class=\"w-iconbox-meta\"><h4 class=\"w-iconbox-title\">Audioetal<\/h4><div class=\"w-iconbox-text\"><p>Um edital pra ouvir as ideias de geral, \u00e9 uma sele\u00e7\u00e3o simplificada, onde as iniciativas sociais enviam por \u00e1udio suas ideias para mitigar algum problema na sua comunidade. A sele\u00e7\u00e3o premia as ideias mais originais, com o recurso necess\u00e1rio para que os pr\u00f3prios atores locais atuem pelas melhorias na sua comunidade. Essa tecnologia foi criada para tornar acess\u00edvel a capta\u00e7\u00e3o de recursos para entidades pequenas, com pouca experi\u00eancia ou com dificuldades em acessar editais mais burocr\u00e1ticos. \u00c9 tamb\u00e9m um primeiro passo no aprendizado, para que elas tenham mais confian\u00e7a em buscar meios para sua sustentabilidade.<\/p>\n<\/div><\/div><\/div><\/div><\/div><\/div><div class=\"vc_col-sm-4 wpb_column vc_column_container\"><div class=\"vc_column-inner us_custom_b3592dd0 us_animate_this\"><div class=\"vc_column-overlay\" style=\"background:#ffffff\"><\/div><div class=\"wpb_wrapper\"><div class=\"w-iconbox iconpos_top style_default color_primary align_left icontype_img\"><div class=\"w-iconbox-icon\" style=\"font-size:80px;\"><img loading=\"lazy\" decoding=\"async\" width=\"128\" height=\"134\" src=\"https:\/\/aic.org.br\/aiclab\/wp-content\/uploads\/2023\/09\/icon-dialog.png\" class=\"attachment-full size-full\" alt=\"\" \/><\/div><div class=\"w-iconbox-meta\"><h4 class=\"w-iconbox-title\">Ferramentas de di\u00e1logo<\/h4><div class=\"w-iconbox-text\"><p>Capazes de propor situa\u00e7\u00f5es onde \u00e9 poss\u00edvel somar o fazer t\u00e9cnico aos conhecimentos t\u00e1citos trazidos pelos representantes dos grupos, coletivos e entidades em atendimento. S\u00e3o instrumentos que lan\u00e7amos m\u00e3o pra soltar a l\u00edngua, para criar um ambiente de conversa\u00e7\u00e3o e de cria\u00e7\u00e3o colaborativa. Uma dessas ferramentas re\u00fane algumas metodologias criadas por n\u00f3s no campo do design colaborativo &#8211; o Jogo Bora! O jogo \u00e9 uma proposta interativa de constru\u00e7\u00e3o colaborativa de identidades visuais. Quem quiser experimentar, pode acess\u00e1-lo <a href=\"https:\/\/aic.org.br\/aiclab\/projetos\/\">aqui.<\/a><\/p>\n<\/div><\/div><\/div><\/div><\/div><\/div><\/div><div class=\"w-separator size_large\"><\/div><div class=\"wpb_text_column us_custom_b4851f87 us_animate_this\"><div class=\"wpb_wrapper\"><p>Nossas tecnologias s\u00e3o registradas no INPI \u2013 Instituto Nacional de Propriedade Intelectual, e ou em publica\u00e7\u00f5es.<\/p>\n<\/div><\/div><div class=\"w-separator size_medium\"><\/div><\/div><\/div><\/div><\/div><\/div><\/section>\n","protected":false},"excerpt":{"rendered":"A partir dos conhecimentos e viv\u00eancias de cada um, constru\u00edmos juntos solu\u00e7\u00f5es que impactam todo mundo. Os nossos fazeres por aqui se baseiam nas experi\u00eancias acumuladas em anos de relacionamento com grupos e entidades da sociedade civil e na produ\u00e7\u00e3o coletiva que assumimos com eles. Em todos os nossos projetos e a\u00e7\u00f5es prezamos pela valoriza\u00e7\u00e3o...","protected":false},"author":3,"featured_media":0,"parent":0,"menu_order":0,"comment_status":"closed","ping_status":"closed","template":"","meta":{"_acf_changed":false,"footnotes":""},"class_list":["post-495","page","type-page","status-publish","hentry"],"acf":[],"_links":{"self":[{"href":"https:\/\/aic.org.br\/aiclab\/wp-json\/wp\/v2\/pages\/495","targetHints":{"allow":["GET"]}}],"collection":[{"href":"https:\/\/aic.org.br\/aiclab\/wp-json\/wp\/v2\/pages"}],"about":[{"href":"https:\/\/aic.org.br\/aiclab\/wp-json\/wp\/v2\/types\/page"}],"author":[{"embeddable":true,"href":"https:\/\/aic.org.br\/aiclab\/wp-json\/wp\/v2\/users\/3"}],"replies":[{"embeddable":true,"href":"https:\/\/aic.org.br\/aiclab\/wp-json\/wp\/v2\/comments?post=495"}],"version-history":[{"count":72,"href":"https:\/\/aic.org.br\/aiclab\/wp-json\/wp\/v2\/pages\/495\/revisions"}],"predecessor-version":[{"id":7238,"href":"https:\/\/aic.org.br\/aiclab\/wp-json\/wp\/v2\/pages\/495\/revisions\/7238"}],"wp:attachment":[{"href":"https:\/\/aic.org.br\/aiclab\/wp-json\/wp\/v2\/media?parent=495"}],"curies":[{"name":"wp","href":"https:\/\/api.w.org\/{rel}","templated":true}]}}