{"id":769,"date":"2023-09-27T14:01:25","date_gmt":"2023-09-27T14:01:25","guid":{"rendered":"https:\/\/aic.org.br\/aiclab\/?page_id=769"},"modified":"2024-08-02T17:41:29","modified_gmt":"2024-08-02T17:41:29","slug":"materiais","status":"publish","type":"page","link":"https:\/\/aic.org.br\/aiclab\/materiais\/","title":{"rendered":"Materiais"},"content":{"rendered":"<section class=\"l-section wpb_row height_small width_custom with_shape\" style=\"--site-content-width:1024px;\"><div class=\"l-section-overlay\" style=\"background:var(--color-alt-content-bg-alt)\"><\/div><div class=\"l-section-shape type_tilt pos_bottom hor_flip\" style=\"height:5vmin;\"><svg xmlns=\"http:\/\/www.w3.org\/2000\/svg\" viewBox=\"0 0 64 8\" preserveAspectRatio=\"none\" width=\"100%\" height=\"100%\">\r\n\t<path fill=\"currentColor\" d=\"M64 7.9 L64 10 L0 10 L0 0 Z\"\/>\r\n<\/svg><\/div><div class=\"l-section-h i-cf\"><div class=\"g-cols vc_row via_flex valign_top type_default stacking_default\"><div class=\"vc_col-sm-12 wpb_column vc_column_container\"><div class=\"vc_column-inner\"><div class=\"wpb_wrapper\"><div class=\"wpb_text_column us_custom_f0c8e943 us_animate_this\"><div class=\"wpb_wrapper\"><p>Encontre aqui tudo que a AIC j\u00e1 produziu para voc\u00ea, organiza\u00e7\u00e3o da sociedade civil.<br \/>\nMais materiais sobre juventudes, cultura e educa\u00e7\u00e3o voc\u00ea encontra no site da <a href=\"https:\/\/aic.org.br\/saberes-compartilhados\/\" target=\"_blank\" rel=\"noopener\">AIC.<\/a><\/p>\n<\/div><\/div><div class=\"w-separator size_medium\"><\/div><\/div><\/div><\/div><\/div><\/div><\/section><section class=\"l-section wpb_row height_medium\"><div class=\"l-section-h i-cf\"><div class=\"g-cols vc_row via_flex valign_top type_default stacking_default\"><div class=\"vc_col-sm-12 wpb_column vc_column_container\"><div class=\"vc_column-inner\"><div class=\"wpb_wrapper\"><div class=\"wpb_text_column us_custom_b4851f87 us_animate_this\"><div class=\"wpb_wrapper\"><h3>Escolha a categoria de material que deseja acessar<\/h3>\n<\/div><\/div><div class=\"w-separator size_medium\"><\/div><div class=\"w-grid us_custom_6f41a28d centralize type_grid layout_855 materiais-grid cols_3 overflow_hidden with_filters with_css_animation\" id=\"us_grid_1\" style=\"--gap:20px;\"><style>@media (max-width:1024px){#us_grid_1 .w-grid-item{width:50%}}@media (max-width:600px){#us_grid_1 .w-grid-list{margin:0}#us_grid_1 .w-grid-item{width:100%;padding:0;margin-bottom:var(--gap,0px)}}.layout_855 .w-grid-item-h{background:#ffffff;color:#4f5459;box-shadow:0 0rem 0rem rgba(0,0,0,0.1),0 0rem 0rem rgba(0,0,0,0.1);transition-duration:0.3s}.no-touch .layout_855 .w-grid-item-h:hover{box-shadow:0 0.24rem 0.48rem rgba(0,0,0,0.1),0 0.8rem 2.4rem rgba(0,0,0,0.15);z-index:4}.layout_855 .usg_vwrapper_1{padding:8% 10% 8% 10%!important}.layout_855 .usg_post_title_1{font-size:20px!important;line-height:1.3!important;margin-bottom:5px!important}<\/style><div class=\"g-filters style_2 align_center\"><button class=\"g-filters-item active\" data-taxonomy=\"*\"><span>Tudo<\/span><\/button><button class=\"g-filters-item\" data-taxonomy=\"campanhas-informativas\" data-amount=\"18\"><span>Campanhas informativas<\/span><span class=\"g-filters-item-amount\">18<\/span><\/button><button class=\"g-filters-item\" data-taxonomy=\"ferramentas\" data-amount=\"1\"><span>Ferramentas<\/span><span class=\"g-filters-item-amount\">1<\/span><\/button><button class=\"g-filters-item\" data-taxonomy=\"formacoes\" data-amount=\"6\"><span>Forma\u00e7\u00f5es<\/span><span class=\"g-filters-item-amount\">6<\/span><\/button><button class=\"g-filters-item\" data-taxonomy=\"materiais-formativos\" data-amount=\"10\"><span>Materiais formativos<\/span><span class=\"g-filters-item-amount\">10<\/span><\/button><\/div><div class=\"w-grid-list\" data-filter_taxonomy_name=\"categoria_materiais\" data-filter_default_taxonomies=\"campanhas-informativas,ferramentas,formacoes,materiais-formativos\">\t<article class=\"w-grid-item us_animate_afb post-7628 materiais type-materiais status-publish has-post-thumbnail hentry categoria_materiais-campanhas-informativas\" data-id=\"7628\" style=\"animation-delay:0s\">\r\n\t\t<div class=\"w-grid-item-h\">\r\n\t\t\t\t\t\t<div class=\"w-post-elm post_image usg_post_image_1 stretched\"><a href=\"https:\/\/aic.org.br\/aiclab\/materiais\/cartografias-de-pertencimento\/\" aria-label=\"Cartografias de Pertencimento: comunidades negras, mem\u00f3rias e territ\u00f3rios\"><img loading=\"lazy\" decoding=\"async\" width=\"854\" height=\"1196\" src=\"https:\/\/aic.org.br\/aiclab\/wp-content\/uploads\/2026\/03\/capa-site.png\" class=\"attachment-full size-full wp-post-image\" alt=\"\" srcset=\"https:\/\/aic.org.br\/aiclab\/wp-content\/uploads\/2026\/03\/capa-site.png 854w, https:\/\/aic.org.br\/aiclab\/wp-content\/uploads\/2026\/03\/capa-site-214x300.png 214w, https:\/\/aic.org.br\/aiclab\/wp-content\/uploads\/2026\/03\/capa-site-731x1024.png 731w, https:\/\/aic.org.br\/aiclab\/wp-content\/uploads\/2026\/03\/capa-site-600x840.png 600w, https:\/\/aic.org.br\/aiclab\/wp-content\/uploads\/2026\/03\/capa-site-768x1076.png 768w\" sizes=\"auto, (max-width: 854px) 100vw, 854px\" \/><\/a><\/div><div class=\"w-vwrapper usg_vwrapper_1 align_left valign_top\"><h2 class=\"w-post-elm post_title usg_post_title_1 entry-title color_link_inherit\"><a href=\"https:\/\/aic.org.br\/aiclab\/materiais\/cartografias-de-pertencimento\/\">Cartografias de Pertencimento: comunidades negras, mem\u00f3rias e territ\u00f3rios<\/a><\/h2><\/div>\t\t<\/div>\r\n\t<\/article>\r\n\t<article class=\"w-grid-item us_animate_afb post-7578 materiais type-materiais status-publish has-post-thumbnail hentry categoria_materiais-campanhas-informativas\" data-id=\"7578\" style=\"animation-delay:0.1s\">\r\n\t\t<div class=\"w-grid-item-h\">\r\n\t\t\t\t\t\t<div class=\"w-post-elm post_image usg_post_image_1 stretched\"><a href=\"https:\/\/aic.org.br\/aiclab\/materiais\/entre-nos-mulheres-em-rede-por-uma-economia-solidaria\/\" aria-label=\"Entre N\u00f3s: mulheres em rede por uma economia solid\u00e1ria\"><img loading=\"lazy\" decoding=\"async\" width=\"708\" height=\"1000\" src=\"https:\/\/aic.org.br\/aiclab\/wp-content\/uploads\/2025\/08\/CapaSite1.png\" class=\"attachment-full size-full wp-post-image\" alt=\"\" srcset=\"https:\/\/aic.org.br\/aiclab\/wp-content\/uploads\/2025\/08\/CapaSite1.png 708w, https:\/\/aic.org.br\/aiclab\/wp-content\/uploads\/2025\/08\/CapaSite1-212x300.png 212w, https:\/\/aic.org.br\/aiclab\/wp-content\/uploads\/2025\/08\/CapaSite1-600x847.png 600w\" sizes=\"auto, (max-width: 708px) 100vw, 708px\" \/><\/a><\/div><div class=\"w-vwrapper usg_vwrapper_1 align_left valign_top\"><h2 class=\"w-post-elm post_title usg_post_title_1 entry-title color_link_inherit\"><a href=\"https:\/\/aic.org.br\/aiclab\/materiais\/entre-nos-mulheres-em-rede-por-uma-economia-solidaria\/\">Entre N\u00f3s: mulheres em rede por uma economia solid\u00e1ria<\/a><\/h2><\/div>\t\t<\/div>\r\n\t<\/article>\r\n\t<article class=\"w-grid-item us_animate_afb post-7527 materiais type-materiais status-publish has-post-thumbnail hentry categoria_materiais-campanhas-informativas\" data-id=\"7527\" style=\"animation-delay:0.2s\">\r\n\t\t<div class=\"w-grid-item-h\">\r\n\t\t\t\t\t\t<div class=\"w-post-elm post_image usg_post_image_1 stretched\"><a href=\"https:\/\/aic.org.br\/aiclab\/materiais\/voce-tem-fome-de-que\/\" aria-label=\"Voc\u00ea tem fome de qu\u00ea? Do corpo ao territ\u00f3rio, comida saud\u00e1vel no centro da mesa\"><img loading=\"lazy\" decoding=\"async\" width=\"874\" height=\"1240\" src=\"https:\/\/aic.org.br\/aiclab\/wp-content\/uploads\/2025\/03\/Capa_site.png\" class=\"attachment-full size-full wp-post-image\" alt=\"\" srcset=\"https:\/\/aic.org.br\/aiclab\/wp-content\/uploads\/2025\/03\/Capa_site.png 874w, https:\/\/aic.org.br\/aiclab\/wp-content\/uploads\/2025\/03\/Capa_site-211x300.png 211w, https:\/\/aic.org.br\/aiclab\/wp-content\/uploads\/2025\/03\/Capa_site-722x1024.png 722w, https:\/\/aic.org.br\/aiclab\/wp-content\/uploads\/2025\/03\/Capa_site-600x851.png 600w, https:\/\/aic.org.br\/aiclab\/wp-content\/uploads\/2025\/03\/Capa_site-768x1090.png 768w\" sizes=\"auto, (max-width: 874px) 100vw, 874px\" \/><\/a><\/div><div class=\"w-vwrapper usg_vwrapper_1 align_left valign_top\"><h2 class=\"w-post-elm post_title usg_post_title_1 entry-title color_link_inherit\"><a href=\"https:\/\/aic.org.br\/aiclab\/materiais\/voce-tem-fome-de-que\/\">Voc\u00ea tem fome de qu\u00ea? Do corpo ao territ\u00f3rio, comida saud\u00e1vel no centro da mesa<\/a><\/h2><\/div>\t\t<\/div>\r\n\t<\/article>\r\n\t<article class=\"w-grid-item us_animate_afb post-7456 materiais type-materiais status-publish has-post-thumbnail hentry categoria_materiais-campanhas-informativas\" data-id=\"7456\" style=\"animation-delay:0.3s\">\r\n\t\t<div class=\"w-grid-item-h\">\r\n\t\t\t\t\t\t<div class=\"w-post-elm post_image usg_post_image_1 stretched\"><a href=\"https:\/\/aic.org.br\/aiclab\/materiais\/mulheres-inspiradoras-que-mudam-o-mundo\/\" aria-label=\"Mulheres inspiradoras que mudam o mundo\"><img loading=\"lazy\" decoding=\"async\" width=\"854\" height=\"1196\" src=\"https:\/\/aic.org.br\/aiclab\/wp-content\/uploads\/2023\/08\/CapaSite.png\" class=\"attachment-full size-full wp-post-image\" alt=\"\" srcset=\"https:\/\/aic.org.br\/aiclab\/wp-content\/uploads\/2023\/08\/CapaSite.png 854w, https:\/\/aic.org.br\/aiclab\/wp-content\/uploads\/2023\/08\/CapaSite-214x300.png 214w, https:\/\/aic.org.br\/aiclab\/wp-content\/uploads\/2023\/08\/CapaSite-731x1024.png 731w, https:\/\/aic.org.br\/aiclab\/wp-content\/uploads\/2023\/08\/CapaSite-600x840.png 600w, https:\/\/aic.org.br\/aiclab\/wp-content\/uploads\/2023\/08\/CapaSite-768x1076.png 768w\" sizes=\"auto, (max-width: 854px) 100vw, 854px\" \/><\/a><\/div><div class=\"w-vwrapper usg_vwrapper_1 align_left valign_top\"><h2 class=\"w-post-elm post_title usg_post_title_1 entry-title color_link_inherit\"><a href=\"https:\/\/aic.org.br\/aiclab\/materiais\/mulheres-inspiradoras-que-mudam-o-mundo\/\">Mulheres inspiradoras que mudam o mundo<\/a><\/h2><\/div>\t\t<\/div>\r\n\t<\/article>\r\n\t<article class=\"w-grid-item us_animate_afb post-7445 materiais type-materiais status-publish has-post-thumbnail hentry categoria_materiais-campanhas-informativas\" data-id=\"7445\" style=\"animation-delay:0.4s\">\r\n\t\t<div class=\"w-grid-item-h\">\r\n\t\t\t\t\t\t<div class=\"w-post-elm post_image usg_post_image_1 stretched\"><a href=\"https:\/\/aic.org.br\/aiclab\/materiais\/saberes-que-caminham-entre-geracoes\/\" aria-label=\"Saberes que caminham entre gera\u00e7\u00f5es\"><img loading=\"lazy\" decoding=\"async\" width=\"1409\" height=\"2000\" src=\"https:\/\/aic.org.br\/aiclab\/wp-content\/uploads\/2025\/04\/CapaSite_camp5.png\" class=\"attachment-full size-full wp-post-image\" alt=\"\" srcset=\"https:\/\/aic.org.br\/aiclab\/wp-content\/uploads\/2025\/04\/CapaSite_camp5.png 1409w, https:\/\/aic.org.br\/aiclab\/wp-content\/uploads\/2025\/04\/CapaSite_camp5-211x300.png 211w, https:\/\/aic.org.br\/aiclab\/wp-content\/uploads\/2025\/04\/CapaSite_camp5-721x1024.png 721w, https:\/\/aic.org.br\/aiclab\/wp-content\/uploads\/2025\/04\/CapaSite_camp5-600x852.png 600w, https:\/\/aic.org.br\/aiclab\/wp-content\/uploads\/2025\/04\/CapaSite_camp5-768x1090.png 768w\" sizes=\"auto, (max-width: 1409px) 100vw, 1409px\" \/><\/a><\/div><div class=\"w-vwrapper usg_vwrapper_1 align_left valign_top\"><h2 class=\"w-post-elm post_title usg_post_title_1 entry-title color_link_inherit\"><a href=\"https:\/\/aic.org.br\/aiclab\/materiais\/saberes-que-caminham-entre-geracoes\/\">Saberes que caminham entre gera\u00e7\u00f5es<\/a><\/h2><\/div>\t\t<\/div>\r\n\t<\/article>\r\n\t<article class=\"w-grid-item us_animate_afb post-7428 materiais type-materiais status-publish has-post-thumbnail hentry categoria_materiais-campanhas-informativas\" data-id=\"7428\" style=\"animation-delay:0.5s\">\r\n\t\t<div class=\"w-grid-item-h\">\r\n\t\t\t\t\t\t<div class=\"w-post-elm post_image usg_post_image_1 stretched\"><a href=\"https:\/\/aic.org.br\/aiclab\/materiais\/memoria-e-o-direito-de-ser-lembrada\/\" aria-label=\"Mem\u00f3ria e o direito de ser lembrada\"><img loading=\"lazy\" decoding=\"async\" width=\"1410\" height=\"2000\" src=\"https:\/\/aic.org.br\/aiclab\/wp-content\/uploads\/2025\/03\/CapaSite.png\" class=\"attachment-full size-full wp-post-image\" alt=\"\" srcset=\"https:\/\/aic.org.br\/aiclab\/wp-content\/uploads\/2025\/03\/CapaSite.png 1410w, https:\/\/aic.org.br\/aiclab\/wp-content\/uploads\/2025\/03\/CapaSite-212x300.png 212w, https:\/\/aic.org.br\/aiclab\/wp-content\/uploads\/2025\/03\/CapaSite-722x1024.png 722w, https:\/\/aic.org.br\/aiclab\/wp-content\/uploads\/2025\/03\/CapaSite-600x851.png 600w, https:\/\/aic.org.br\/aiclab\/wp-content\/uploads\/2025\/03\/CapaSite-768x1089.png 768w\" sizes=\"auto, (max-width: 1410px) 100vw, 1410px\" \/><\/a><\/div><div class=\"w-vwrapper usg_vwrapper_1 align_left valign_top\"><h2 class=\"w-post-elm post_title usg_post_title_1 entry-title color_link_inherit\"><a href=\"https:\/\/aic.org.br\/aiclab\/materiais\/memoria-e-o-direito-de-ser-lembrada\/\">Mem\u00f3ria e o direito de ser lembrada<\/a><\/h2><\/div>\t\t<\/div>\r\n\t<\/article>\r\n\t<article class=\"w-grid-item us_animate_afb post-7413 materiais type-materiais status-publish has-post-thumbnail hentry categoria_materiais-campanhas-informativas\" data-id=\"7413\" style=\"animation-delay:0s\">\r\n\t\t<div class=\"w-grid-item-h\">\r\n\t\t\t\t\t\t<div class=\"w-post-elm post_image usg_post_image_1 stretched\"><a href=\"https:\/\/aic.org.br\/aiclab\/materiais\/diario-da-mulher-exausta-com-luta-e-afeto-juntas-pelo-direito-ao-bem-viver\/\" aria-label=\"Di\u00e1rio da Mulher exausta: com luta e afeto, juntas pelo direito ao bem viver\"><img loading=\"lazy\" decoding=\"async\" width=\"1748\" height=\"2480\" src=\"https:\/\/aic.org.br\/aiclab\/wp-content\/uploads\/2023\/08\/cena2.png\" class=\"attachment-full size-full wp-post-image\" alt=\"\" srcset=\"https:\/\/aic.org.br\/aiclab\/wp-content\/uploads\/2023\/08\/cena2.png 1748w, https:\/\/aic.org.br\/aiclab\/wp-content\/uploads\/2023\/08\/cena2-211x300.png 211w, https:\/\/aic.org.br\/aiclab\/wp-content\/uploads\/2023\/08\/cena2-722x1024.png 722w, https:\/\/aic.org.br\/aiclab\/wp-content\/uploads\/2023\/08\/cena2-600x851.png 600w, https:\/\/aic.org.br\/aiclab\/wp-content\/uploads\/2023\/08\/cena2-768x1090.png 768w\" sizes=\"auto, (max-width: 1748px) 100vw, 1748px\" \/><\/a><\/div><div class=\"w-vwrapper usg_vwrapper_1 align_left valign_top\"><h2 class=\"w-post-elm post_title usg_post_title_1 entry-title color_link_inherit\"><a href=\"https:\/\/aic.org.br\/aiclab\/materiais\/diario-da-mulher-exausta-com-luta-e-afeto-juntas-pelo-direito-ao-bem-viver\/\">Di\u00e1rio da Mulher exausta: com luta e afeto, juntas pelo direito ao bem viver<\/a><\/h2><\/div>\t\t<\/div>\r\n\t<\/article>\r\n\t<article class=\"w-grid-item us_animate_afb post-7351 materiais type-materiais status-publish has-post-thumbnail hentry categoria_materiais-campanhas-informativas\" data-id=\"7351\" style=\"animation-delay:0.1s\">\r\n\t\t<div class=\"w-grid-item-h\">\r\n\t\t\t\t\t\t<div class=\"w-post-elm post_image usg_post_image_1 stretched\"><a href=\"https:\/\/aic.org.br\/aiclab\/materiais\/quais-mulheres-negras-te-rodeiam\/\" aria-label=\"Quais mulheres negras te rodeiam?\"><img loading=\"lazy\" decoding=\"async\" width=\"875\" height=\"1241\" src=\"https:\/\/aic.org.br\/aiclab\/wp-content\/uploads\/2024\/10\/PublicacaoDIgitalPVM_Capa.jpg\" class=\"attachment-full size-full wp-post-image\" alt=\"\" srcset=\"https:\/\/aic.org.br\/aiclab\/wp-content\/uploads\/2024\/10\/PublicacaoDIgitalPVM_Capa.jpg 875w, https:\/\/aic.org.br\/aiclab\/wp-content\/uploads\/2024\/10\/PublicacaoDIgitalPVM_Capa-212x300.jpg 212w, https:\/\/aic.org.br\/aiclab\/wp-content\/uploads\/2024\/10\/PublicacaoDIgitalPVM_Capa-722x1024.jpg 722w, https:\/\/aic.org.br\/aiclab\/wp-content\/uploads\/2024\/10\/PublicacaoDIgitalPVM_Capa-600x851.jpg 600w, https:\/\/aic.org.br\/aiclab\/wp-content\/uploads\/2024\/10\/PublicacaoDIgitalPVM_Capa-768x1089.jpg 768w\" sizes=\"auto, (max-width: 875px) 100vw, 875px\" \/><\/a><\/div><div class=\"w-vwrapper usg_vwrapper_1 align_left valign_top\"><h2 class=\"w-post-elm post_title usg_post_title_1 entry-title color_link_inherit\"><a href=\"https:\/\/aic.org.br\/aiclab\/materiais\/quais-mulheres-negras-te-rodeiam\/\">Quais mulheres negras te rodeiam?<\/a><\/h2><\/div>\t\t<\/div>\r\n\t<\/article>\r\n\t<article class=\"w-grid-item us_animate_afb post-7305 materiais type-materiais status-publish has-post-thumbnail hentry categoria_materiais-formacoes\" data-id=\"7305\" style=\"animation-delay:0.2s\">\r\n\t\t<div class=\"w-grid-item-h\">\r\n\t\t\t\t\t\t<div class=\"w-post-elm post_image usg_post_image_1 stretched\"><a href=\"https:\/\/aic.org.br\/aiclab\/materiais\/uso-do-canva-e-nocoes-de-design\/\" aria-label=\"Aulas sobre o Canva e fundamentos do design\"><img loading=\"lazy\" decoding=\"async\" width=\"900\" height=\"900\" src=\"https:\/\/aic.org.br\/aiclab\/wp-content\/uploads\/2024\/09\/post-insta.png\" class=\"attachment-full size-full wp-post-image\" alt=\"\" srcset=\"https:\/\/aic.org.br\/aiclab\/wp-content\/uploads\/2024\/09\/post-insta.png 900w, https:\/\/aic.org.br\/aiclab\/wp-content\/uploads\/2024\/09\/post-insta-300x300.png 300w, https:\/\/aic.org.br\/aiclab\/wp-content\/uploads\/2024\/09\/post-insta-150x150.png 150w, https:\/\/aic.org.br\/aiclab\/wp-content\/uploads\/2024\/09\/post-insta-600x600.png 600w, https:\/\/aic.org.br\/aiclab\/wp-content\/uploads\/2024\/09\/post-insta-768x768.png 768w\" sizes=\"auto, (max-width: 900px) 100vw, 900px\" \/><\/a><\/div><div class=\"w-vwrapper usg_vwrapper_1 align_left valign_top\"><h2 class=\"w-post-elm post_title usg_post_title_1 entry-title color_link_inherit\"><a href=\"https:\/\/aic.org.br\/aiclab\/materiais\/uso-do-canva-e-nocoes-de-design\/\">Aulas sobre o Canva e fundamentos do design<\/a><\/h2><\/div>\t\t<\/div>\r\n\t<\/article>\r\n<\/div><div class=\"w-grid-preloader\"><div class=\"g-preloader type_1\">\r\n\t<div><\/div>\r\n<\/div>\r\n<\/div>\t\t<div class=\"g-loadmore \">\r\n\t\t\t<div class=\"g-preloader type_1\">\r\n\t\t\t\t<div><\/div>\r\n\t\t\t<\/div>\r\n\t\t\t<button class=\"w-btn us-btn-style_1\">\r\n\t\t\t\t<span class=\"w-btn-label\">carregar mais<\/span>\r\n\t\t\t<\/button>\r\n\t\t<\/div>\r\n\t\t\t<div class=\"w-grid-json hidden\" onclick='return {&quot;action&quot;:&quot;us_ajax_grid&quot;,&quot;ajax_url&quot;:&quot;https:\\\/\\\/aic.org.br\\\/aiclab\\\/wp-admin\\\/admin-ajax.php&quot;,&quot;infinite_scroll&quot;:0,&quot;max_num_pages&quot;:4,&quot;pagination&quot;:&quot;ajax&quot;,&quot;permalink_url&quot;:&quot;https:\\\/\\\/aic.org.br\\\/aiclab\\\/wp-json\\\/wp\\\/v2\\\/pages\\\/769&quot;,&quot;template_vars&quot;:{&quot;columns&quot;:&quot;3&quot;,&quot;exclude_items&quot;:&quot;none&quot;,&quot;img_size&quot;:&quot;default&quot;,&quot;ignore_items_size&quot;:0,&quot;items_layout&quot;:&quot;855&quot;,&quot;items_offset&quot;:&quot;1&quot;,&quot;load_animation&quot;:&quot;afb&quot;,&quot;overriding_link&quot;:&quot;%7B%22url%22%3A%22%22%7D&quot;,&quot;post_id&quot;:0,&quot;query_args&quot;:{&quot;post_type&quot;:[&quot;materiais&quot;],&quot;tax_query&quot;:[{&quot;taxonomy&quot;:&quot;categoria_materiais&quot;,&quot;field&quot;:&quot;slug&quot;,&quot;terms&quot;:[&quot;campanhas-informativas&quot;,&quot;ferramentas&quot;,&quot;formacoes&quot;,&quot;materiais-formativos&quot;]}],&quot;post_status&quot;:[&quot;publish&quot;,&quot;acf-disabled&quot;],&quot;posts_per_page&quot;:&quot;9&quot;},&quot;orderby_query_args&quot;:{&quot;orderby&quot;:{&quot;date&quot;:&quot;DESC&quot;}},&quot;type&quot;:&quot;grid&quot;,&quot;us_grid_ajax_index&quot;:1,&quot;us_grid_filter_params&quot;:null,&quot;us_grid_index&quot;:1,&quot;_us_grid_post_type&quot;:&quot;materiais&quot;,&quot;page_args&quot;:[]}}'><\/div>\r\n\t<\/div><div class=\"w-separator size_small\"><\/div><\/div><\/div><\/div><\/div><\/div><\/section>\n","protected":false},"excerpt":{"rendered":"","protected":false},"author":3,"featured_media":0,"parent":0,"menu_order":0,"comment_status":"closed","ping_status":"closed","template":"","meta":{"_acf_changed":false,"footnotes":""},"class_list":["post-769","page","type-page","status-publish","hentry"],"acf":[],"_links":{"self":[{"href":"https:\/\/aic.org.br\/aiclab\/wp-json\/wp\/v2\/pages\/769","targetHints":{"allow":["GET"]}}],"collection":[{"href":"https:\/\/aic.org.br\/aiclab\/wp-json\/wp\/v2\/pages"}],"about":[{"href":"https:\/\/aic.org.br\/aiclab\/wp-json\/wp\/v2\/types\/page"}],"author":[{"embeddable":true,"href":"https:\/\/aic.org.br\/aiclab\/wp-json\/wp\/v2\/users\/3"}],"replies":[{"embeddable":true,"href":"https:\/\/aic.org.br\/aiclab\/wp-json\/wp\/v2\/comments?post=769"}],"version-history":[{"count":55,"href":"https:\/\/aic.org.br\/aiclab\/wp-json\/wp\/v2\/pages\/769\/revisions"}],"predecessor-version":[{"id":7260,"href":"https:\/\/aic.org.br\/aiclab\/wp-json\/wp\/v2\/pages\/769\/revisions\/7260"}],"wp:attachment":[{"href":"https:\/\/aic.org.br\/aiclab\/wp-json\/wp\/v2\/media?parent=769"}],"curies":[{"name":"wp","href":"https:\/\/api.w.org\/{rel}","templated":true}]}}